{"id":90,"date":"2023-12-20T10:50:24","date_gmt":"2023-12-20T09:50:24","guid":{"rendered":"https:\/\/nextcitylab.it\/?page_id=90"},"modified":"2024-02-07T11:34:15","modified_gmt":"2024-02-07T10:34:15","slug":"chi-siamo","status":"publish","type":"page","link":"https:\/\/nextcitylab.it\/?page_id=90","title":{"rendered":"Chi siamo"},"content":{"rendered":"\n<p><\/p>\n\n\n\n<div style=\"height:25px\" aria-hidden=\"true\" class=\"wp-block-spacer\"><\/div>\n\n\n\n<p><strong><a href=\"https:\/\/web.uniroma1.it\/disse\/https\/webuniroma1it\/disse\/node\/7766\/citt-e-territorio\" target=\"_blank\" rel=\"noreferrer noopener\">NextCityLAB<\/a> &#8211; Laboratorio partecipato per una citt\u00e0 inclusiva e sostenibile<\/strong><\/p>\n\n\n\n<p>\u00e8 un progetto di <a href=\"https:\/\/www.uniroma1.it\/it\/pagina\/terza-missione\" data-type=\"link\" data-id=\"https:\/\/www.uniroma1.it\/it\/pagina\/terza-missione\" target=\"_blank\" rel=\"noreferrer noopener\">Terza missione di Sapienza Universit\u00e0 di Roma<\/a>, Dipartimento di Scienze Sociali ed Economiche, che nasce da un lavoro di co-progettazione tra docenti e studenti dei corsi di Servizio Sociale e di Sociologia e rappresentanti di realt\u00e0 delle professioni sociali e del Terzo settore che operano nella citt\u00e0 di Roma.<\/p>\n\n\n\n<p><strong>Obiettivo <\/strong>del progetto \u00e8 avviare uno <strong>spazio generativo di idee e di pratiche<\/strong> per una contaminazione feconda tra conoscenza scientifica e saperi cittadini radicati nelle pratiche di vita di individui, gruppi e realt\u00e0 organizzate della societ\u00e0 civile.<\/p>\n\n\n\n<p>NextCityLAB punta a costruire <strong>laboratori di attivazione civica<\/strong> <strong>(LivingLABs)<\/strong> aperti ai gruppi e ai cittadini attivi sul territorio per condividere problemi pratici della comunit\u00e0 e generare idee e soluzioni innovative, attraverso attivit\u00e0 di co-costruzione e co-progettazione di interventi per la cura dei beni comuni.<\/p>\n\n\n\n<p>Accanto ai LivingLABs il progetto prevede un percorso di mappatura partecipata, attivit\u00e0 di formazione ed eventi pubblici che saranno realizzate negli spazi universitari e negli spazi urbani, per favorire l\u2019incontro tra cittadini e universit\u00e0, coinvolgendo istituzioni, professioni del servizio sociale, organizzazioni del Volontariato e del Terzo Settore, imprese sociali.<\/p>\n\n\n\n<p>La prima sperimentazione del progetto \u00e8 in corso nel quartiere romano del <strong>Quarticciolo<\/strong>.<\/p>\n\n\n\n<div style=\"height:25px\" aria-hidden=\"true\" class=\"wp-block-spacer\"><\/div>\n\n\n\n<p><strong>PERSONE<\/strong><\/p>\n\n\n\n<div style=\"height:25px\" aria-hidden=\"true\" class=\"wp-block-spacer\"><\/div>\n\n\n\n<p><strong>Team Sapienza<\/strong><\/p>\n\n\n\n<p>Maria Grazia Galantino, <em>Responsabile del progetto<\/em><\/p>\n\n\n\n<p>Giovanni Devastato, <em>Coordinatore dei LivingLabs<\/em><\/p>\n\n\n\n<p><em>Docenti, ricercatori e studenti<\/em>: Carmelo Bruni, Francesca Farruggia, Matteo Finco, Rossana Galdini, Giuseppe Ricotta, Anna Maria Paola Toti, Margherita Montegiorgi, Francesca Messineo, Gennaro Strino, Giulia Severa, Matteo Cerasoli, Matteo Finco, Flavia Parracciani, Giulia Conforto.<\/p>\n\n\n\n<div style=\"height:25px\" aria-hidden=\"true\" class=\"wp-block-spacer\"><\/div>\n\n\n\n<p><strong>Soggetti partner<\/strong><\/p>\n\n\n\n<p>Centro di Servizio per il Volontariato del Lazio (CSV) (Francesca Amadori)<\/p>\n\n\n\n<p>Consiglio Regionale dell\u2019Ordine degli Assistenti Sociali del Lazio (Laura Paradiso e Chiara Pilotti)<\/p>\n\n\n\n<p>Cooperativa Sociale Nuove Risposte (Elisa Paris)<\/p>\n\n\n\n<p>Forum del Terzo Settore del Lazio (Francesca Danese)<\/p>\n\n\n\n<p><strong>in collaborazione con<\/strong> Municipio V Roma Capitale<\/p>\n","protected":false},"excerpt":{"rendered":"<p>NextCityLAB &#8211; Laboratorio partecipato per una citt\u00e0 inclusiva e sostenibile \u00e8 un progetto di Terza missione di Sapienza Universit\u00e0 di Roma, Dipartimento di Scienze Sociali ed Economiche, che nasce da un lavoro di co-progettazione tra docenti e studenti dei corsi di Servizio Sociale e di Sociologia e rappresentanti di realt\u00e0 delle professioni sociali e del [&hellip;]<\/p>\n","protected":false},"author":1,"featured_media":0,"parent":0,"menu_order":0,"comment_status":"closed","ping_status":"closed","template":"","meta":{"footnotes":""},"class_list":["post-90","page","type-page","status-publish","hentry"],"yoast_head":"<!-- This site is optimized with the Yoast SEO plugin v27.6 - https:\/\/yoast.com\/product\/yoast-seo-wordpress\/ -->\n<title>Chi siamo - Next City Lab \u00e8 un progetto di Terza missione di Sapienza Universit\u00e0 di Roma<\/title>\n<meta name=\"robots\" content=\"index, follow, max-snippet:-1, max-image-preview:large, max-video-preview:-1\" \/>\n<link rel=\"canonical\" href=\"https:\/\/nextcitylab.it\/?page_id=90\" \/>\n<meta property=\"og:locale\" content=\"it_IT\" \/>\n<meta property=\"og:type\" content=\"article\" \/>\n<meta property=\"og:title\" content=\"Chi siamo - Next City Lab \u00e8 un progetto di Terza missione di Sapienza Universit\u00e0 di Roma\" \/>\n<meta property=\"og:description\" content=\"NextCityLAB &#8211; Laboratorio partecipato per una citt\u00e0 inclusiva e sostenibile \u00e8 un progetto di Terza missione di Sapienza Universit\u00e0 di Roma, Dipartimento di Scienze Sociali ed Economiche, che nasce da un lavoro di co-progettazione tra docenti e studenti dei corsi di Servizio Sociale e di Sociologia e rappresentanti di realt\u00e0 delle professioni sociali e del [&hellip;]\" \/>\n<meta property=\"og:url\" content=\"https:\/\/nextcitylab.it\/?page_id=90\" \/>\n<meta property=\"og:site_name\" content=\"Next City Lab \u00e8 un progetto di Terza missione di Sapienza Universit\u00e0 di Roma\" \/>\n<meta property=\"article:publisher\" content=\"https:\/\/www.facebook.com\/profile.php?id=61554434993419\" \/>\n<meta property=\"article:modified_time\" content=\"2024-02-07T10:34:15+00:00\" \/>\n<meta name=\"twitter:card\" content=\"summary_large_image\" \/>\n<meta name=\"twitter:label1\" content=\"Tempo di lettura stimato\" \/>\n\t<meta name=\"twitter:data1\" content=\"2 minuti\" \/>\n<script type=\"application\/ld+json\" class=\"yoast-schema-graph\">{\"@context\":\"https:\\\/\\\/schema.org\",\"@graph\":[{\"@type\":\"WebPage\",\"@id\":\"https:\\\/\\\/nextcitylab.it\\\/?page_id=90\",\"url\":\"https:\\\/\\\/nextcitylab.it\\\/?page_id=90\",\"name\":\"Chi siamo - Next City Lab \u00e8 un progetto di Terza missione di Sapienza Universit\u00e0 di Roma\",\"isPartOf\":{\"@id\":\"https:\\\/\\\/nextcitylab.it\\\/#website\"},\"datePublished\":\"2023-12-20T09:50:24+00:00\",\"dateModified\":\"2024-02-07T10:34:15+00:00\",\"breadcrumb\":{\"@id\":\"https:\\\/\\\/nextcitylab.it\\\/?page_id=90#breadcrumb\"},\"inLanguage\":\"it-IT\",\"potentialAction\":[{\"@type\":\"ReadAction\",\"target\":[\"https:\\\/\\\/nextcitylab.it\\\/?page_id=90\"]}]},{\"@type\":\"BreadcrumbList\",\"@id\":\"https:\\\/\\\/nextcitylab.it\\\/?page_id=90#breadcrumb\",\"itemListElement\":[{\"@type\":\"ListItem\",\"position\":1,\"name\":\"Home\",\"item\":\"https:\\\/\\\/nextcitylab.it\\\/\"},{\"@type\":\"ListItem\",\"position\":2,\"name\":\"Chi siamo\"}]},{\"@type\":\"WebSite\",\"@id\":\"https:\\\/\\\/nextcitylab.it\\\/#website\",\"url\":\"https:\\\/\\\/nextcitylab.it\\\/\",\"name\":\"Next City Lab Sapienza Universit\u00e0 di Roma\",\"description\":\"\",\"publisher\":{\"@id\":\"https:\\\/\\\/nextcitylab.it\\\/#organization\"},\"potentialAction\":[{\"@type\":\"SearchAction\",\"target\":{\"@type\":\"EntryPoint\",\"urlTemplate\":\"https:\\\/\\\/nextcitylab.it\\\/?s={search_term_string}\"},\"query-input\":{\"@type\":\"PropertyValueSpecification\",\"valueRequired\":true,\"valueName\":\"search_term_string\"}}],\"inLanguage\":\"it-IT\"},{\"@type\":\"Organization\",\"@id\":\"https:\\\/\\\/nextcitylab.it\\\/#organization\",\"name\":\"Next City Lab Sapienza Universit\u00e0 di Roma\",\"url\":\"https:\\\/\\\/nextcitylab.it\\\/\",\"logo\":{\"@type\":\"ImageObject\",\"inLanguage\":\"it-IT\",\"@id\":\"https:\\\/\\\/nextcitylab.it\\\/#\\\/schema\\\/logo\\\/image\\\/\",\"url\":\"https:\\\/\\\/nextcitylab.it\\\/wp-content\\\/uploads\\\/2024\\\/01\\\/cropped-IMG_7409.jpg\",\"contentUrl\":\"https:\\\/\\\/nextcitylab.it\\\/wp-content\\\/uploads\\\/2024\\\/01\\\/cropped-IMG_7409.jpg\",\"width\":512,\"height\":512,\"caption\":\"Next City Lab Sapienza Universit\u00e0 di Roma\"},\"image\":{\"@id\":\"https:\\\/\\\/nextcitylab.it\\\/#\\\/schema\\\/logo\\\/image\\\/\"},\"sameAs\":[\"https:\\\/\\\/www.facebook.com\\\/profile.php?id=61554434993419\",\"https:\\\/\\\/www.instagram.com\\\/nextcitylab\\\/\"]}]}<\/script>\n<!-- \/ Yoast SEO plugin. -->","yoast_head_json":{"title":"Chi siamo - Next City Lab \u00e8 un progetto di Terza missione di Sapienza Universit\u00e0 di Roma","robots":{"index":"index","follow":"follow","max-snippet":"max-snippet:-1","max-image-preview":"max-image-preview:large","max-video-preview":"max-video-preview:-1"},"canonical":"https:\/\/nextcitylab.it\/?page_id=90","og_locale":"it_IT","og_type":"article","og_title":"Chi siamo - Next City Lab \u00e8 un progetto di Terza missione di Sapienza Universit\u00e0 di Roma","og_description":"NextCityLAB &#8211; Laboratorio partecipato per una citt\u00e0 inclusiva e sostenibile \u00e8 un progetto di Terza missione di Sapienza Universit\u00e0 di Roma, Dipartimento di Scienze Sociali ed Economiche, che nasce da un lavoro di co-progettazione tra docenti e studenti dei corsi di Servizio Sociale e di Sociologia e rappresentanti di realt\u00e0 delle professioni sociali e del [&hellip;]","og_url":"https:\/\/nextcitylab.it\/?page_id=90","og_site_name":"Next City Lab \u00e8 un progetto di Terza missione di Sapienza Universit\u00e0 di Roma","article_publisher":"https:\/\/www.facebook.com\/profile.php?id=61554434993419","article_modified_time":"2024-02-07T10:34:15+00:00","twitter_card":"summary_large_image","twitter_misc":{"Tempo di lettura stimato":"2 minuti"},"schema":{"@context":"https:\/\/schema.org","@graph":[{"@type":"WebPage","@id":"https:\/\/nextcitylab.it\/?page_id=90","url":"https:\/\/nextcitylab.it\/?page_id=90","name":"Chi siamo - Next City Lab \u00e8 un progetto di Terza missione di Sapienza Universit\u00e0 di Roma","isPartOf":{"@id":"https:\/\/nextcitylab.it\/#website"},"datePublished":"2023-12-20T09:50:24+00:00","dateModified":"2024-02-07T10:34:15+00:00","breadcrumb":{"@id":"https:\/\/nextcitylab.it\/?page_id=90#breadcrumb"},"inLanguage":"it-IT","potentialAction":[{"@type":"ReadAction","target":["https:\/\/nextcitylab.it\/?page_id=90"]}]},{"@type":"BreadcrumbList","@id":"https:\/\/nextcitylab.it\/?page_id=90#breadcrumb","itemListElement":[{"@type":"ListItem","position":1,"name":"Home","item":"https:\/\/nextcitylab.it\/"},{"@type":"ListItem","position":2,"name":"Chi siamo"}]},{"@type":"WebSite","@id":"https:\/\/nextcitylab.it\/#website","url":"https:\/\/nextcitylab.it\/","name":"Next City Lab Sapienza Universit\u00e0 di Roma","description":"","publisher":{"@id":"https:\/\/nextcitylab.it\/#organization"},"potentialAction":[{"@type":"SearchAction","target":{"@type":"EntryPoint","urlTemplate":"https:\/\/nextcitylab.it\/?s={search_term_string}"},"query-input":{"@type":"PropertyValueSpecification","valueRequired":true,"valueName":"search_term_string"}}],"inLanguage":"it-IT"},{"@type":"Organization","@id":"https:\/\/nextcitylab.it\/#organization","name":"Next City Lab Sapienza Universit\u00e0 di Roma","url":"https:\/\/nextcitylab.it\/","logo":{"@type":"ImageObject","inLanguage":"it-IT","@id":"https:\/\/nextcitylab.it\/#\/schema\/logo\/image\/","url":"https:\/\/nextcitylab.it\/wp-content\/uploads\/2024\/01\/cropped-IMG_7409.jpg","contentUrl":"https:\/\/nextcitylab.it\/wp-content\/uploads\/2024\/01\/cropped-IMG_7409.jpg","width":512,"height":512,"caption":"Next City Lab Sapienza Universit\u00e0 di Roma"},"image":{"@id":"https:\/\/nextcitylab.it\/#\/schema\/logo\/image\/"},"sameAs":["https:\/\/www.facebook.com\/profile.php?id=61554434993419","https:\/\/www.instagram.com\/nextcitylab\/"]}]}},"_links":{"self":[{"href":"https:\/\/nextcitylab.it\/index.php?rest_route=\/wp\/v2\/pages\/90","targetHints":{"allow":["GET"]}}],"collection":[{"href":"https:\/\/nextcitylab.it\/index.php?rest_route=\/wp\/v2\/pages"}],"about":[{"href":"https:\/\/nextcitylab.it\/index.php?rest_route=\/wp\/v2\/types\/page"}],"author":[{"embeddable":true,"href":"https:\/\/nextcitylab.it\/index.php?rest_route=\/wp\/v2\/users\/1"}],"replies":[{"embeddable":true,"href":"https:\/\/nextcitylab.it\/index.php?rest_route=%2Fwp%2Fv2%2Fcomments&post=90"}],"version-history":[{"count":32,"href":"https:\/\/nextcitylab.it\/index.php?rest_route=\/wp\/v2\/pages\/90\/revisions"}],"predecessor-version":[{"id":601,"href":"https:\/\/nextcitylab.it\/index.php?rest_route=\/wp\/v2\/pages\/90\/revisions\/601"}],"wp:attachment":[{"href":"https:\/\/nextcitylab.it\/index.php?rest_route=%2Fwp%2Fv2%2Fmedia&parent=90"}],"curies":[{"name":"wp","href":"https:\/\/api.w.org\/{rel}","templated":true}]}}