{"id":701,"date":"2024-07-02T08:00:00","date_gmt":"2024-07-02T06:00:00","guid":{"rendered":"https:\/\/nextcitylab.it\/?page_id=701"},"modified":"2024-07-01T22:45:14","modified_gmt":"2024-07-01T20:45:14","slug":"quinto-living-lab","status":"publish","type":"page","link":"https:\/\/nextcitylab.it\/?page_id=701","title":{"rendered":"Quinto Living Lab"},"content":{"rendered":"\n<div style=\"height:20px\" aria-hidden=\"true\" class=\"wp-block-spacer\"><\/div>\n\n\n\n<p>Il <strong>31 maggio 2024<\/strong> si \u00e8 tenuto il quinto e ultimo<strong> LivingLAB<\/strong> (complessivamente, il sesto incontro del progetto) presso l\u2019Istituto Comprensivo Pirotta.<\/p>\n\n\n\n<p>L\u2019incontro, dal titolo <em>\u201cChi vuole prendere la parola?\u201d<\/em>, \u00e8 stato uno <em>spazio di <strong>co-progettazione <\/strong>di proposte concrete per ripartire insieme con rinnovata effervescenza collettiva<\/em> e si \u00e8 sviluppato in tre<em>Tavoli Tematici<\/em>, per sfruttare al meglio il tempo a disposizione ed assicurare un lavoro collaborativo e approfondito su aspetti specifici del progetto.<\/p>\n\n\n\n<p>Il <strong>Tavolo degli Obiettivi<\/strong>, moderato da Giulia Severa e Gennaro Strino, ha esplorato alcuni questioni fondamentali per il quartiere, con l&#8217;obiettivo di comprendere il fine ultimo, desiderabile e &#8220;cantierabile&#8221;, che NextCityLab intende perseguire e raggiungere nei prossimi mesi, chiarendone le finalit\u00e0 educative e sociali.\u00a0<\/p>\n\n\n\n<p>Il <strong>Tavolo delle Tecniche<\/strong>, moderato da Francesca Messineo, ha delineato gli strumenti creativi e tecnologici da utilizzare.<\/p>\n\n\n\n<p>Il <strong>Tavolo sul Prodotto<\/strong>,\u00a0 moderato da Matteo Finco e Margherita Montegiorgi, si \u00e8 dedicato alla definizione dei risultati attesi del progetto, in termini di proposte concrete.<\/p>\n\n\n\n<p>Tutte le proposte emerse, e che verranno poi definite, sono orientate a <em>coinvolgere attivamente i giovani del quartiere e a valorizzare le risorse locali<\/em>.<\/p>\n\n\n\n<div style=\"height:45px\" aria-hidden=\"true\" class=\"wp-block-spacer\"><\/div>\n\n\n\n<figure class=\"wp-block-image aligncenter size-large is-resized\"><img loading=\"lazy\" decoding=\"async\" width=\"1024\" height=\"1024\" src=\"https:\/\/nextcitylab.it\/wp-content\/uploads\/2024\/07\/2-1024x1024.png\" alt=\"\" class=\"wp-image-705\" style=\"width:276px;height:auto\" srcset=\"https:\/\/nextcitylab.it\/wp-content\/uploads\/2024\/07\/2-1024x1024.png 1024w, https:\/\/nextcitylab.it\/wp-content\/uploads\/2024\/07\/2-300x300.png 300w, https:\/\/nextcitylab.it\/wp-content\/uploads\/2024\/07\/2-150x150.png 150w, https:\/\/nextcitylab.it\/wp-content\/uploads\/2024\/07\/2-768x768.png 768w, https:\/\/nextcitylab.it\/wp-content\/uploads\/2024\/07\/2.png 1080w\" sizes=\"auto, (max-width: 1024px) 100vw, 1024px\" \/><\/figure>\n\n\n\n<div style=\"height:45px\" aria-hidden=\"true\" class=\"wp-block-spacer\"><\/div>\n\n\n\n<p>Ogni tavolo tematico ha consentito ai partecipanti di concentrare le energie su un particolare aspetto, garantendo una copertura completa e dettagliata di tutte le componenti del progetto. <\/p>\n\n\n\n<p>Alla fine delle discussioni \u00e8 stato predisposto uno spazio in cui un rappresentante per ogni tavolo tematico ha illustrato quanto emerso.\u00a0<\/p>\n\n\n\n<p><\/p>\n\n\n\n<p>Questo approccio ha assicurato che alla fine del processo ci siano state proposte definite da sviluppare per riprendere nel mese di settembre 2024 con la <em>fase esecutiva.<\/em><\/p>\n\n\n\n<div style=\"height:45px\" aria-hidden=\"true\" class=\"wp-block-spacer\"><\/div>\n\n\n\n<figure class=\"wp-block-image aligncenter size-large is-resized\"><img loading=\"lazy\" decoding=\"async\" width=\"1024\" height=\"1024\" src=\"https:\/\/nextcitylab.it\/wp-content\/uploads\/2024\/07\/1-1024x1024.png\" alt=\"\" class=\"wp-image-707\" style=\"width:276px;height:auto\" srcset=\"https:\/\/nextcitylab.it\/wp-content\/uploads\/2024\/07\/1-1024x1024.png 1024w, https:\/\/nextcitylab.it\/wp-content\/uploads\/2024\/07\/1-300x300.png 300w, https:\/\/nextcitylab.it\/wp-content\/uploads\/2024\/07\/1-150x150.png 150w, https:\/\/nextcitylab.it\/wp-content\/uploads\/2024\/07\/1-768x768.png 768w, https:\/\/nextcitylab.it\/wp-content\/uploads\/2024\/07\/1.png 1080w\" sizes=\"auto, (max-width: 1024px) 100vw, 1024px\" \/><\/figure>\n\n\n\n<div style=\"height:45px\" aria-hidden=\"true\" class=\"wp-block-spacer\"><\/div>\n\n\n\n<p><strong>Locandina:<\/strong><\/p>\n\n\n\n<div data-wp-interactive=\"core\/file\" class=\"wp-block-file\"><object data-wp-bind--hidden=\"!state.hasPdfPreview\" hidden class=\"wp-block-file__embed\" data=\"https:\/\/nextcitylab.it\/wp-content\/uploads\/2024\/07\/LivingLAB-conclusivo-31-maggio.pdf\" type=\"application\/pdf\" style=\"width:100%;height:600px\" aria-label=\"Incorporamento di LivingLAB-conclusivo-31-maggio.\"><\/object><a id=\"wp-block-file--media-bdc53e31-f47a-45a3-b9e1-db82fa4ceb20\" href=\"https:\/\/nextcitylab.it\/wp-content\/uploads\/2024\/07\/LivingLAB-conclusivo-31-maggio.pdf\">LivingLAB-conclusivo-31-maggio<\/a><a href=\"https:\/\/nextcitylab.it\/wp-content\/uploads\/2024\/07\/LivingLAB-conclusivo-31-maggio.pdf\" class=\"wp-block-file__button wp-element-button\" download aria-describedby=\"wp-block-file--media-bdc53e31-f47a-45a3-b9e1-db82fa4ceb20\">Download<\/a><\/div>\n","protected":false},"excerpt":{"rendered":"<p>Il 31 maggio 2024 si \u00e8 tenuto il quinto e ultimo LivingLAB (complessivamente, il sesto incontro del progetto) presso l\u2019Istituto Comprensivo Pirotta. L\u2019incontro, dal titolo \u201cChi vuole prendere la parola?\u201d, \u00e8 stato uno spazio di co-progettazione di proposte concrete per ripartire insieme con rinnovata effervescenza collettiva e si \u00e8 sviluppato in treTavoli Tematici, per sfruttare [&hellip;]<\/p>\n","protected":false},"author":1,"featured_media":0,"parent":57,"menu_order":5,"comment_status":"closed","ping_status":"closed","template":"","meta":{"footnotes":""},"class_list":["post-701","page","type-page","status-publish","hentry"],"yoast_head":"<!-- This site is optimized with the Yoast SEO plugin v27.6 - https:\/\/yoast.com\/product\/yoast-seo-wordpress\/ -->\n<title>Quinto Living Lab - Next City Lab \u00e8 un progetto di Terza missione di Sapienza Universit\u00e0 di Roma<\/title>\n<meta name=\"robots\" content=\"index, follow, max-snippet:-1, max-image-preview:large, max-video-preview:-1\" \/>\n<link rel=\"canonical\" href=\"https:\/\/nextcitylab.it\/?page_id=701\" \/>\n<meta property=\"og:locale\" content=\"it_IT\" \/>\n<meta property=\"og:type\" content=\"article\" \/>\n<meta property=\"og:title\" content=\"Quinto Living Lab - Next City Lab \u00e8 un progetto di Terza missione di Sapienza Universit\u00e0 di Roma\" \/>\n<meta property=\"og:description\" content=\"Il 31 maggio 2024 si \u00e8 tenuto il quinto e ultimo LivingLAB (complessivamente, il sesto incontro del progetto) presso l\u2019Istituto Comprensivo Pirotta. L\u2019incontro, dal titolo \u201cChi vuole prendere la parola?\u201d, \u00e8 stato uno spazio di co-progettazione di proposte concrete per ripartire insieme con rinnovata effervescenza collettiva e si \u00e8 sviluppato in treTavoli Tematici, per sfruttare [&hellip;]\" \/>\n<meta property=\"og:url\" content=\"https:\/\/nextcitylab.it\/?page_id=701\" \/>\n<meta property=\"og:site_name\" content=\"Next City Lab \u00e8 un progetto di Terza missione di Sapienza Universit\u00e0 di Roma\" \/>\n<meta property=\"article:publisher\" content=\"https:\/\/www.facebook.com\/profile.php?id=61554434993419\" \/>\n<meta property=\"og:image\" content=\"https:\/\/nextcitylab.it\/wp-content\/uploads\/2024\/07\/2-1024x1024.png\" \/>\n<meta name=\"twitter:card\" content=\"summary_large_image\" \/>\n<meta name=\"twitter:label1\" content=\"Tempo di lettura stimato\" \/>\n\t<meta name=\"twitter:data1\" content=\"2 minuti\" \/>\n<script type=\"application\/ld+json\" class=\"yoast-schema-graph\">{\"@context\":\"https:\\\/\\\/schema.org\",\"@graph\":[{\"@type\":\"WebPage\",\"@id\":\"https:\\\/\\\/nextcitylab.it\\\/?page_id=701\",\"url\":\"https:\\\/\\\/nextcitylab.it\\\/?page_id=701\",\"name\":\"Quinto Living Lab - Next City Lab \u00e8 un progetto di Terza missione di Sapienza Universit\u00e0 di Roma\",\"isPartOf\":{\"@id\":\"https:\\\/\\\/nextcitylab.it\\\/#website\"},\"primaryImageOfPage\":{\"@id\":\"https:\\\/\\\/nextcitylab.it\\\/?page_id=701#primaryimage\"},\"image\":{\"@id\":\"https:\\\/\\\/nextcitylab.it\\\/?page_id=701#primaryimage\"},\"thumbnailUrl\":\"https:\\\/\\\/nextcitylab.it\\\/wp-content\\\/uploads\\\/2024\\\/07\\\/2-1024x1024.png\",\"datePublished\":\"2024-07-02T06:00:00+00:00\",\"breadcrumb\":{\"@id\":\"https:\\\/\\\/nextcitylab.it\\\/?page_id=701#breadcrumb\"},\"inLanguage\":\"it-IT\",\"potentialAction\":[{\"@type\":\"ReadAction\",\"target\":[\"https:\\\/\\\/nextcitylab.it\\\/?page_id=701\"]}]},{\"@type\":\"ImageObject\",\"inLanguage\":\"it-IT\",\"@id\":\"https:\\\/\\\/nextcitylab.it\\\/?page_id=701#primaryimage\",\"url\":\"https:\\\/\\\/nextcitylab.it\\\/wp-content\\\/uploads\\\/2024\\\/07\\\/2.png\",\"contentUrl\":\"https:\\\/\\\/nextcitylab.it\\\/wp-content\\\/uploads\\\/2024\\\/07\\\/2.png\",\"width\":1080,\"height\":1080},{\"@type\":\"BreadcrumbList\",\"@id\":\"https:\\\/\\\/nextcitylab.it\\\/?page_id=701#breadcrumb\",\"itemListElement\":[{\"@type\":\"ListItem\",\"position\":1,\"name\":\"Home\",\"item\":\"https:\\\/\\\/nextcitylab.it\\\/\"},{\"@type\":\"ListItem\",\"position\":2,\"name\":\"Living Labs\",\"item\":\"https:\\\/\\\/nextcitylab.it\\\/?page_id=57\"},{\"@type\":\"ListItem\",\"position\":3,\"name\":\"Quinto Living Lab\"}]},{\"@type\":\"WebSite\",\"@id\":\"https:\\\/\\\/nextcitylab.it\\\/#website\",\"url\":\"https:\\\/\\\/nextcitylab.it\\\/\",\"name\":\"Next City Lab Sapienza Universit\u00e0 di Roma\",\"description\":\"\",\"publisher\":{\"@id\":\"https:\\\/\\\/nextcitylab.it\\\/#organization\"},\"potentialAction\":[{\"@type\":\"SearchAction\",\"target\":{\"@type\":\"EntryPoint\",\"urlTemplate\":\"https:\\\/\\\/nextcitylab.it\\\/?s={search_term_string}\"},\"query-input\":{\"@type\":\"PropertyValueSpecification\",\"valueRequired\":true,\"valueName\":\"search_term_string\"}}],\"inLanguage\":\"it-IT\"},{\"@type\":\"Organization\",\"@id\":\"https:\\\/\\\/nextcitylab.it\\\/#organization\",\"name\":\"Next City Lab Sapienza Universit\u00e0 di Roma\",\"url\":\"https:\\\/\\\/nextcitylab.it\\\/\",\"logo\":{\"@type\":\"ImageObject\",\"inLanguage\":\"it-IT\",\"@id\":\"https:\\\/\\\/nextcitylab.it\\\/#\\\/schema\\\/logo\\\/image\\\/\",\"url\":\"https:\\\/\\\/nextcitylab.it\\\/wp-content\\\/uploads\\\/2024\\\/01\\\/cropped-IMG_7409.jpg\",\"contentUrl\":\"https:\\\/\\\/nextcitylab.it\\\/wp-content\\\/uploads\\\/2024\\\/01\\\/cropped-IMG_7409.jpg\",\"width\":512,\"height\":512,\"caption\":\"Next City Lab Sapienza Universit\u00e0 di Roma\"},\"image\":{\"@id\":\"https:\\\/\\\/nextcitylab.it\\\/#\\\/schema\\\/logo\\\/image\\\/\"},\"sameAs\":[\"https:\\\/\\\/www.facebook.com\\\/profile.php?id=61554434993419\",\"https:\\\/\\\/www.instagram.com\\\/nextcitylab\\\/\"]}]}<\/script>\n<!-- \/ Yoast SEO plugin. -->","yoast_head_json":{"title":"Quinto Living Lab - Next City Lab \u00e8 un progetto di Terza missione di Sapienza Universit\u00e0 di Roma","robots":{"index":"index","follow":"follow","max-snippet":"max-snippet:-1","max-image-preview":"max-image-preview:large","max-video-preview":"max-video-preview:-1"},"canonical":"https:\/\/nextcitylab.it\/?page_id=701","og_locale":"it_IT","og_type":"article","og_title":"Quinto Living Lab - Next City Lab \u00e8 un progetto di Terza missione di Sapienza Universit\u00e0 di Roma","og_description":"Il 31 maggio 2024 si \u00e8 tenuto il quinto e ultimo LivingLAB (complessivamente, il sesto incontro del progetto) presso l\u2019Istituto Comprensivo Pirotta. L\u2019incontro, dal titolo \u201cChi vuole prendere la parola?\u201d, \u00e8 stato uno spazio di co-progettazione di proposte concrete per ripartire insieme con rinnovata effervescenza collettiva e si \u00e8 sviluppato in treTavoli Tematici, per sfruttare [&hellip;]","og_url":"https:\/\/nextcitylab.it\/?page_id=701","og_site_name":"Next City Lab \u00e8 un progetto di Terza missione di Sapienza Universit\u00e0 di Roma","article_publisher":"https:\/\/www.facebook.com\/profile.php?id=61554434993419","og_image":[{"url":"https:\/\/nextcitylab.it\/wp-content\/uploads\/2024\/07\/2-1024x1024.png","type":"","width":"","height":""}],"twitter_card":"summary_large_image","twitter_misc":{"Tempo di lettura stimato":"2 minuti"},"schema":{"@context":"https:\/\/schema.org","@graph":[{"@type":"WebPage","@id":"https:\/\/nextcitylab.it\/?page_id=701","url":"https:\/\/nextcitylab.it\/?page_id=701","name":"Quinto Living Lab - Next City Lab \u00e8 un progetto di Terza missione di Sapienza Universit\u00e0 di Roma","isPartOf":{"@id":"https:\/\/nextcitylab.it\/#website"},"primaryImageOfPage":{"@id":"https:\/\/nextcitylab.it\/?page_id=701#primaryimage"},"image":{"@id":"https:\/\/nextcitylab.it\/?page_id=701#primaryimage"},"thumbnailUrl":"https:\/\/nextcitylab.it\/wp-content\/uploads\/2024\/07\/2-1024x1024.png","datePublished":"2024-07-02T06:00:00+00:00","breadcrumb":{"@id":"https:\/\/nextcitylab.it\/?page_id=701#breadcrumb"},"inLanguage":"it-IT","potentialAction":[{"@type":"ReadAction","target":["https:\/\/nextcitylab.it\/?page_id=701"]}]},{"@type":"ImageObject","inLanguage":"it-IT","@id":"https:\/\/nextcitylab.it\/?page_id=701#primaryimage","url":"https:\/\/nextcitylab.it\/wp-content\/uploads\/2024\/07\/2.png","contentUrl":"https:\/\/nextcitylab.it\/wp-content\/uploads\/2024\/07\/2.png","width":1080,"height":1080},{"@type":"BreadcrumbList","@id":"https:\/\/nextcitylab.it\/?page_id=701#breadcrumb","itemListElement":[{"@type":"ListItem","position":1,"name":"Home","item":"https:\/\/nextcitylab.it\/"},{"@type":"ListItem","position":2,"name":"Living Labs","item":"https:\/\/nextcitylab.it\/?page_id=57"},{"@type":"ListItem","position":3,"name":"Quinto Living Lab"}]},{"@type":"WebSite","@id":"https:\/\/nextcitylab.it\/#website","url":"https:\/\/nextcitylab.it\/","name":"Next City Lab Sapienza Universit\u00e0 di Roma","description":"","publisher":{"@id":"https:\/\/nextcitylab.it\/#organization"},"potentialAction":[{"@type":"SearchAction","target":{"@type":"EntryPoint","urlTemplate":"https:\/\/nextcitylab.it\/?s={search_term_string}"},"query-input":{"@type":"PropertyValueSpecification","valueRequired":true,"valueName":"search_term_string"}}],"inLanguage":"it-IT"},{"@type":"Organization","@id":"https:\/\/nextcitylab.it\/#organization","name":"Next City Lab Sapienza Universit\u00e0 di Roma","url":"https:\/\/nextcitylab.it\/","logo":{"@type":"ImageObject","inLanguage":"it-IT","@id":"https:\/\/nextcitylab.it\/#\/schema\/logo\/image\/","url":"https:\/\/nextcitylab.it\/wp-content\/uploads\/2024\/01\/cropped-IMG_7409.jpg","contentUrl":"https:\/\/nextcitylab.it\/wp-content\/uploads\/2024\/01\/cropped-IMG_7409.jpg","width":512,"height":512,"caption":"Next City Lab Sapienza Universit\u00e0 di Roma"},"image":{"@id":"https:\/\/nextcitylab.it\/#\/schema\/logo\/image\/"},"sameAs":["https:\/\/www.facebook.com\/profile.php?id=61554434993419","https:\/\/www.instagram.com\/nextcitylab\/"]}]}},"_links":{"self":[{"href":"https:\/\/nextcitylab.it\/index.php?rest_route=\/wp\/v2\/pages\/701","targetHints":{"allow":["GET"]}}],"collection":[{"href":"https:\/\/nextcitylab.it\/index.php?rest_route=\/wp\/v2\/pages"}],"about":[{"href":"https:\/\/nextcitylab.it\/index.php?rest_route=\/wp\/v2\/types\/page"}],"author":[{"embeddable":true,"href":"https:\/\/nextcitylab.it\/index.php?rest_route=\/wp\/v2\/users\/1"}],"replies":[{"embeddable":true,"href":"https:\/\/nextcitylab.it\/index.php?rest_route=%2Fwp%2Fv2%2Fcomments&post=701"}],"version-history":[{"count":5,"href":"https:\/\/nextcitylab.it\/index.php?rest_route=\/wp\/v2\/pages\/701\/revisions"}],"predecessor-version":[{"id":720,"href":"https:\/\/nextcitylab.it\/index.php?rest_route=\/wp\/v2\/pages\/701\/revisions\/720"}],"up":[{"embeddable":true,"href":"https:\/\/nextcitylab.it\/index.php?rest_route=\/wp\/v2\/pages\/57"}],"wp:attachment":[{"href":"https:\/\/nextcitylab.it\/index.php?rest_route=%2Fwp%2Fv2%2Fmedia&parent=701"}],"curies":[{"name":"wp","href":"https:\/\/api.w.org\/{rel}","templated":true}]}}