{"id":682,"date":"2024-05-07T12:38:18","date_gmt":"2024-05-07T10:38:18","guid":{"rendered":"https:\/\/nextcitylab.it\/?page_id=682"},"modified":"2024-05-08T09:43:34","modified_gmt":"2024-05-08T07:43:34","slug":"quarto-living-lab","status":"publish","type":"page","link":"https:\/\/nextcitylab.it\/?page_id=682","title":{"rendered":"Quarto Living Lab"},"content":{"rendered":"\n<div style=\"height:20px\" aria-hidden=\"true\" class=\"wp-block-spacer\"><\/div>\n\n\n\n<p><br>Il&nbsp;<strong>4\u00b0 Living LAB, del progetto NextCityLAB<\/strong>&nbsp;\u2013 Laboratorio partecipato di attivazione civica per una citt\u00e0 inclusiva e sostenibile, promosso dal Dipartimento di Scienze Sociali ed Economiche dell\u2019Universit\u00e0 La Sapienza e da rappresentanti di organizzazioni del Terzo settore, si \u00e8 svolto venerd\u00ec 19 aprile&nbsp;<strong>presso Parrocchia dell\u2019Ascensione di Nostro Signore Ges\u00f9 Cristo<\/strong>, in via Manfredonia, 5\/7, 00171, Roma.<\/p>\n\n\n\n<p><br>Hanno partecipato studenti, istituzioni, cittadini, realt\u00e0 associative del territorio, tra cui l\u2019Istituto Scolastico Pirotta, la cooperativa Nuove Risposte, una rappresentanza dell\u2019Ordine degli Assistenti Sociali del Lazio e del Comitato di quartiere.<\/p>\n\n\n\n<p><\/p>\n\n\n\n<p>In questa fase finale del Future Lab, si \u00e8 discusso cercato di recepire e raccogliere tutti  contributi e i nodi problematici emersi nei precedenti incontri e sono state delineate e descritte le azioni concrete per porre le basi per il futuro che il gruppo di lavoro sta cercando di immaginare. Per questo, occorre mettere da parte le preoccupazioni esistenti e proiettare soluzioni capaci di declinare il futuro in termini positivi.<\/p>\n\n\n\n<p><\/p>\n\n\n\n<p>Seguir\u00e0 a maggio un quinto incontro, quello conclusivo, in cui i partecipanti proseguiranno con la discussione di possibili progetti da realizzare a settembre.<\/p>\n\n\n\n<p><\/p>\n\n\n\n<figure class=\"wp-block-image aligncenter size-large is-resized\"><img loading=\"lazy\" decoding=\"async\" width=\"1024\" height=\"1024\" src=\"https:\/\/nextcitylab.it\/wp-content\/uploads\/2024\/05\/1-1024x1024.png\" alt=\"\" class=\"wp-image-691\" style=\"width:322px;height:auto\" srcset=\"https:\/\/nextcitylab.it\/wp-content\/uploads\/2024\/05\/1-1024x1024.png 1024w, https:\/\/nextcitylab.it\/wp-content\/uploads\/2024\/05\/1-300x300.png 300w, https:\/\/nextcitylab.it\/wp-content\/uploads\/2024\/05\/1-150x150.png 150w, https:\/\/nextcitylab.it\/wp-content\/uploads\/2024\/05\/1-768x768.png 768w, https:\/\/nextcitylab.it\/wp-content\/uploads\/2024\/05\/1.png 1080w\" sizes=\"auto, (max-width: 1024px) 100vw, 1024px\" \/><\/figure>\n\n\n\n<p><\/p>\n\n\n\n<figure class=\"wp-block-image aligncenter size-large is-resized\"><img loading=\"lazy\" decoding=\"async\" width=\"1024\" height=\"1024\" src=\"https:\/\/nextcitylab.it\/wp-content\/uploads\/2024\/05\/2-1024x1024.png\" alt=\"\" class=\"wp-image-693\" style=\"width:320px;height:auto\" srcset=\"https:\/\/nextcitylab.it\/wp-content\/uploads\/2024\/05\/2-1024x1024.png 1024w, https:\/\/nextcitylab.it\/wp-content\/uploads\/2024\/05\/2-300x300.png 300w, https:\/\/nextcitylab.it\/wp-content\/uploads\/2024\/05\/2-150x150.png 150w, https:\/\/nextcitylab.it\/wp-content\/uploads\/2024\/05\/2-768x768.png 768w, https:\/\/nextcitylab.it\/wp-content\/uploads\/2024\/05\/2.png 1080w\" sizes=\"auto, (max-width: 1024px) 100vw, 1024px\" \/><\/figure>\n\n\n\n<p><\/p>\n\n\n\n<figure class=\"wp-block-image aligncenter size-large is-resized\"><img loading=\"lazy\" decoding=\"async\" width=\"1024\" height=\"1024\" src=\"https:\/\/nextcitylab.it\/wp-content\/uploads\/2024\/05\/3-1024x1024.png\" alt=\"\" class=\"wp-image-694\" style=\"width:320px;height:auto\" srcset=\"https:\/\/nextcitylab.it\/wp-content\/uploads\/2024\/05\/3-1024x1024.png 1024w, https:\/\/nextcitylab.it\/wp-content\/uploads\/2024\/05\/3-300x300.png 300w, https:\/\/nextcitylab.it\/wp-content\/uploads\/2024\/05\/3-150x150.png 150w, https:\/\/nextcitylab.it\/wp-content\/uploads\/2024\/05\/3-768x768.png 768w, https:\/\/nextcitylab.it\/wp-content\/uploads\/2024\/05\/3.png 1080w\" sizes=\"auto, (max-width: 1024px) 100vw, 1024px\" \/><\/figure>\n\n\n\n<p><\/p>\n\n\n\n<p><strong><a href=\"Locandina:\">Locandina:<\/a><\/strong><\/p>\n\n\n\n<div data-wp-interactive=\"core\/file\" class=\"wp-block-file\"><object data-wp-bind--hidden=\"!state.hasPdfPreview\" hidden class=\"wp-block-file__embed\" data=\"https:\/\/nextcitylab.it\/wp-content\/uploads\/2024\/05\/Locandina-4-LivingLAB-19-aprile.pdf\" type=\"application\/pdf\" style=\"width:100%;height:600px\" aria-label=\"Incorporamento di Locandina-4-LivingLAB-19-aprile.\"><\/object><a id=\"wp-block-file--media-624530bc-419c-4b3a-92d8-76c3ba046714\" href=\"https:\/\/nextcitylab.it\/wp-content\/uploads\/2024\/05\/Locandina-4-LivingLAB-19-aprile.pdf\">Locandina-4-LivingLAB-19-aprile<\/a><a href=\"https:\/\/nextcitylab.it\/wp-content\/uploads\/2024\/05\/Locandina-4-LivingLAB-19-aprile.pdf\" class=\"wp-block-file__button wp-element-button\" download aria-describedby=\"wp-block-file--media-624530bc-419c-4b3a-92d8-76c3ba046714\">Download<\/a><\/div>\n\n\n\n<p><\/p>\n","protected":false},"excerpt":{"rendered":"<p>Il&nbsp;4\u00b0 Living LAB, del progetto NextCityLAB&nbsp;\u2013 Laboratorio partecipato di attivazione civica per una citt\u00e0 inclusiva e sostenibile, promosso dal Dipartimento di Scienze Sociali ed Economiche dell\u2019Universit\u00e0 La Sapienza e da rappresentanti di organizzazioni del Terzo settore, si \u00e8 svolto venerd\u00ec 19 aprile&nbsp;presso Parrocchia dell\u2019Ascensione di Nostro Signore Ges\u00f9 Cristo, in via Manfredonia, 5\/7, 00171, Roma. [&hellip;]<\/p>\n","protected":false},"author":1,"featured_media":0,"parent":57,"menu_order":4,"comment_status":"closed","ping_status":"closed","template":"","meta":{"footnotes":""},"class_list":["post-682","page","type-page","status-publish","hentry"],"yoast_head":"<!-- This site is optimized with the Yoast SEO plugin v27.6 - https:\/\/yoast.com\/product\/yoast-seo-wordpress\/ -->\n<title>Quarto Living Lab - Next City Lab \u00e8 un progetto di Terza missione di Sapienza Universit\u00e0 di Roma<\/title>\n<meta name=\"robots\" content=\"index, follow, max-snippet:-1, max-image-preview:large, max-video-preview:-1\" \/>\n<link rel=\"canonical\" href=\"https:\/\/nextcitylab.it\/?page_id=682\" \/>\n<meta property=\"og:locale\" content=\"it_IT\" \/>\n<meta property=\"og:type\" content=\"article\" \/>\n<meta property=\"og:title\" content=\"Quarto Living Lab - Next City Lab \u00e8 un progetto di Terza missione di Sapienza Universit\u00e0 di Roma\" \/>\n<meta property=\"og:description\" content=\"Il&nbsp;4\u00b0 Living LAB, del progetto NextCityLAB&nbsp;\u2013 Laboratorio partecipato di attivazione civica per una citt\u00e0 inclusiva e sostenibile, promosso dal Dipartimento di Scienze Sociali ed Economiche dell\u2019Universit\u00e0 La Sapienza e da rappresentanti di organizzazioni del Terzo settore, si \u00e8 svolto venerd\u00ec 19 aprile&nbsp;presso Parrocchia dell\u2019Ascensione di Nostro Signore Ges\u00f9 Cristo, in via Manfredonia, 5\/7, 00171, Roma. [&hellip;]\" \/>\n<meta property=\"og:url\" content=\"https:\/\/nextcitylab.it\/?page_id=682\" \/>\n<meta property=\"og:site_name\" content=\"Next City Lab \u00e8 un progetto di Terza missione di Sapienza Universit\u00e0 di Roma\" \/>\n<meta property=\"article:publisher\" content=\"https:\/\/www.facebook.com\/profile.php?id=61554434993419\" \/>\n<meta property=\"article:modified_time\" content=\"2024-05-08T07:43:34+00:00\" \/>\n<meta property=\"og:image\" content=\"https:\/\/nextcitylab.it\/wp-content\/uploads\/2024\/05\/1-1024x1024.png\" \/>\n<meta name=\"twitter:card\" content=\"summary_large_image\" \/>\n<meta name=\"twitter:label1\" content=\"Tempo di lettura stimato\" \/>\n\t<meta name=\"twitter:data1\" content=\"2 minuti\" \/>\n<script type=\"application\/ld+json\" class=\"yoast-schema-graph\">{\"@context\":\"https:\\\/\\\/schema.org\",\"@graph\":[{\"@type\":\"WebPage\",\"@id\":\"https:\\\/\\\/nextcitylab.it\\\/?page_id=682\",\"url\":\"https:\\\/\\\/nextcitylab.it\\\/?page_id=682\",\"name\":\"Quarto Living Lab - Next City Lab \u00e8 un progetto di Terza missione di Sapienza Universit\u00e0 di Roma\",\"isPartOf\":{\"@id\":\"https:\\\/\\\/nextcitylab.it\\\/#website\"},\"primaryImageOfPage\":{\"@id\":\"https:\\\/\\\/nextcitylab.it\\\/?page_id=682#primaryimage\"},\"image\":{\"@id\":\"https:\\\/\\\/nextcitylab.it\\\/?page_id=682#primaryimage\"},\"thumbnailUrl\":\"https:\\\/\\\/nextcitylab.it\\\/wp-content\\\/uploads\\\/2024\\\/05\\\/1-1024x1024.png\",\"datePublished\":\"2024-05-07T10:38:18+00:00\",\"dateModified\":\"2024-05-08T07:43:34+00:00\",\"breadcrumb\":{\"@id\":\"https:\\\/\\\/nextcitylab.it\\\/?page_id=682#breadcrumb\"},\"inLanguage\":\"it-IT\",\"potentialAction\":[{\"@type\":\"ReadAction\",\"target\":[\"https:\\\/\\\/nextcitylab.it\\\/?page_id=682\"]}]},{\"@type\":\"ImageObject\",\"inLanguage\":\"it-IT\",\"@id\":\"https:\\\/\\\/nextcitylab.it\\\/?page_id=682#primaryimage\",\"url\":\"https:\\\/\\\/nextcitylab.it\\\/wp-content\\\/uploads\\\/2024\\\/05\\\/1.png\",\"contentUrl\":\"https:\\\/\\\/nextcitylab.it\\\/wp-content\\\/uploads\\\/2024\\\/05\\\/1.png\",\"width\":1080,\"height\":1080},{\"@type\":\"BreadcrumbList\",\"@id\":\"https:\\\/\\\/nextcitylab.it\\\/?page_id=682#breadcrumb\",\"itemListElement\":[{\"@type\":\"ListItem\",\"position\":1,\"name\":\"Home\",\"item\":\"https:\\\/\\\/nextcitylab.it\\\/\"},{\"@type\":\"ListItem\",\"position\":2,\"name\":\"Living Labs\",\"item\":\"https:\\\/\\\/nextcitylab.it\\\/?page_id=57\"},{\"@type\":\"ListItem\",\"position\":3,\"name\":\"Quarto Living Lab\"}]},{\"@type\":\"WebSite\",\"@id\":\"https:\\\/\\\/nextcitylab.it\\\/#website\",\"url\":\"https:\\\/\\\/nextcitylab.it\\\/\",\"name\":\"Next City Lab Sapienza Universit\u00e0 di Roma\",\"description\":\"\",\"publisher\":{\"@id\":\"https:\\\/\\\/nextcitylab.it\\\/#organization\"},\"potentialAction\":[{\"@type\":\"SearchAction\",\"target\":{\"@type\":\"EntryPoint\",\"urlTemplate\":\"https:\\\/\\\/nextcitylab.it\\\/?s={search_term_string}\"},\"query-input\":{\"@type\":\"PropertyValueSpecification\",\"valueRequired\":true,\"valueName\":\"search_term_string\"}}],\"inLanguage\":\"it-IT\"},{\"@type\":\"Organization\",\"@id\":\"https:\\\/\\\/nextcitylab.it\\\/#organization\",\"name\":\"Next City Lab Sapienza Universit\u00e0 di Roma\",\"url\":\"https:\\\/\\\/nextcitylab.it\\\/\",\"logo\":{\"@type\":\"ImageObject\",\"inLanguage\":\"it-IT\",\"@id\":\"https:\\\/\\\/nextcitylab.it\\\/#\\\/schema\\\/logo\\\/image\\\/\",\"url\":\"https:\\\/\\\/nextcitylab.it\\\/wp-content\\\/uploads\\\/2024\\\/01\\\/cropped-IMG_7409.jpg\",\"contentUrl\":\"https:\\\/\\\/nextcitylab.it\\\/wp-content\\\/uploads\\\/2024\\\/01\\\/cropped-IMG_7409.jpg\",\"width\":512,\"height\":512,\"caption\":\"Next City Lab Sapienza Universit\u00e0 di Roma\"},\"image\":{\"@id\":\"https:\\\/\\\/nextcitylab.it\\\/#\\\/schema\\\/logo\\\/image\\\/\"},\"sameAs\":[\"https:\\\/\\\/www.facebook.com\\\/profile.php?id=61554434993419\",\"https:\\\/\\\/www.instagram.com\\\/nextcitylab\\\/\"]}]}<\/script>\n<!-- \/ Yoast SEO plugin. -->","yoast_head_json":{"title":"Quarto Living Lab - Next City Lab \u00e8 un progetto di Terza missione di Sapienza Universit\u00e0 di Roma","robots":{"index":"index","follow":"follow","max-snippet":"max-snippet:-1","max-image-preview":"max-image-preview:large","max-video-preview":"max-video-preview:-1"},"canonical":"https:\/\/nextcitylab.it\/?page_id=682","og_locale":"it_IT","og_type":"article","og_title":"Quarto Living Lab - Next City Lab \u00e8 un progetto di Terza missione di Sapienza Universit\u00e0 di Roma","og_description":"Il&nbsp;4\u00b0 Living LAB, del progetto NextCityLAB&nbsp;\u2013 Laboratorio partecipato di attivazione civica per una citt\u00e0 inclusiva e sostenibile, promosso dal Dipartimento di Scienze Sociali ed Economiche dell\u2019Universit\u00e0 La Sapienza e da rappresentanti di organizzazioni del Terzo settore, si \u00e8 svolto venerd\u00ec 19 aprile&nbsp;presso Parrocchia dell\u2019Ascensione di Nostro Signore Ges\u00f9 Cristo, in via Manfredonia, 5\/7, 00171, Roma. [&hellip;]","og_url":"https:\/\/nextcitylab.it\/?page_id=682","og_site_name":"Next City Lab \u00e8 un progetto di Terza missione di Sapienza Universit\u00e0 di Roma","article_publisher":"https:\/\/www.facebook.com\/profile.php?id=61554434993419","article_modified_time":"2024-05-08T07:43:34+00:00","og_image":[{"url":"https:\/\/nextcitylab.it\/wp-content\/uploads\/2024\/05\/1-1024x1024.png","type":"","width":"","height":""}],"twitter_card":"summary_large_image","twitter_misc":{"Tempo di lettura stimato":"2 minuti"},"schema":{"@context":"https:\/\/schema.org","@graph":[{"@type":"WebPage","@id":"https:\/\/nextcitylab.it\/?page_id=682","url":"https:\/\/nextcitylab.it\/?page_id=682","name":"Quarto Living Lab - Next City Lab \u00e8 un progetto di Terza missione di Sapienza Universit\u00e0 di Roma","isPartOf":{"@id":"https:\/\/nextcitylab.it\/#website"},"primaryImageOfPage":{"@id":"https:\/\/nextcitylab.it\/?page_id=682#primaryimage"},"image":{"@id":"https:\/\/nextcitylab.it\/?page_id=682#primaryimage"},"thumbnailUrl":"https:\/\/nextcitylab.it\/wp-content\/uploads\/2024\/05\/1-1024x1024.png","datePublished":"2024-05-07T10:38:18+00:00","dateModified":"2024-05-08T07:43:34+00:00","breadcrumb":{"@id":"https:\/\/nextcitylab.it\/?page_id=682#breadcrumb"},"inLanguage":"it-IT","potentialAction":[{"@type":"ReadAction","target":["https:\/\/nextcitylab.it\/?page_id=682"]}]},{"@type":"ImageObject","inLanguage":"it-IT","@id":"https:\/\/nextcitylab.it\/?page_id=682#primaryimage","url":"https:\/\/nextcitylab.it\/wp-content\/uploads\/2024\/05\/1.png","contentUrl":"https:\/\/nextcitylab.it\/wp-content\/uploads\/2024\/05\/1.png","width":1080,"height":1080},{"@type":"BreadcrumbList","@id":"https:\/\/nextcitylab.it\/?page_id=682#breadcrumb","itemListElement":[{"@type":"ListItem","position":1,"name":"Home","item":"https:\/\/nextcitylab.it\/"},{"@type":"ListItem","position":2,"name":"Living Labs","item":"https:\/\/nextcitylab.it\/?page_id=57"},{"@type":"ListItem","position":3,"name":"Quarto Living Lab"}]},{"@type":"WebSite","@id":"https:\/\/nextcitylab.it\/#website","url":"https:\/\/nextcitylab.it\/","name":"Next City Lab Sapienza Universit\u00e0 di Roma","description":"","publisher":{"@id":"https:\/\/nextcitylab.it\/#organization"},"potentialAction":[{"@type":"SearchAction","target":{"@type":"EntryPoint","urlTemplate":"https:\/\/nextcitylab.it\/?s={search_term_string}"},"query-input":{"@type":"PropertyValueSpecification","valueRequired":true,"valueName":"search_term_string"}}],"inLanguage":"it-IT"},{"@type":"Organization","@id":"https:\/\/nextcitylab.it\/#organization","name":"Next City Lab Sapienza Universit\u00e0 di Roma","url":"https:\/\/nextcitylab.it\/","logo":{"@type":"ImageObject","inLanguage":"it-IT","@id":"https:\/\/nextcitylab.it\/#\/schema\/logo\/image\/","url":"https:\/\/nextcitylab.it\/wp-content\/uploads\/2024\/01\/cropped-IMG_7409.jpg","contentUrl":"https:\/\/nextcitylab.it\/wp-content\/uploads\/2024\/01\/cropped-IMG_7409.jpg","width":512,"height":512,"caption":"Next City Lab Sapienza Universit\u00e0 di Roma"},"image":{"@id":"https:\/\/nextcitylab.it\/#\/schema\/logo\/image\/"},"sameAs":["https:\/\/www.facebook.com\/profile.php?id=61554434993419","https:\/\/www.instagram.com\/nextcitylab\/"]}]}},"_links":{"self":[{"href":"https:\/\/nextcitylab.it\/index.php?rest_route=\/wp\/v2\/pages\/682","targetHints":{"allow":["GET"]}}],"collection":[{"href":"https:\/\/nextcitylab.it\/index.php?rest_route=\/wp\/v2\/pages"}],"about":[{"href":"https:\/\/nextcitylab.it\/index.php?rest_route=\/wp\/v2\/types\/page"}],"author":[{"embeddable":true,"href":"https:\/\/nextcitylab.it\/index.php?rest_route=\/wp\/v2\/users\/1"}],"replies":[{"embeddable":true,"href":"https:\/\/nextcitylab.it\/index.php?rest_route=%2Fwp%2Fv2%2Fcomments&post=682"}],"version-history":[{"count":5,"href":"https:\/\/nextcitylab.it\/index.php?rest_route=\/wp\/v2\/pages\/682\/revisions"}],"predecessor-version":[{"id":696,"href":"https:\/\/nextcitylab.it\/index.php?rest_route=\/wp\/v2\/pages\/682\/revisions\/696"}],"up":[{"embeddable":true,"href":"https:\/\/nextcitylab.it\/index.php?rest_route=\/wp\/v2\/pages\/57"}],"wp:attachment":[{"href":"https:\/\/nextcitylab.it\/index.php?rest_route=%2Fwp%2Fv2%2Fmedia&parent=682"}],"curies":[{"name":"wp","href":"https:\/\/api.w.org\/{rel}","templated":true}]}}