{"id":655,"date":"2024-04-05T18:23:39","date_gmt":"2024-04-05T16:23:39","guid":{"rendered":"https:\/\/nextcitylab.it\/?page_id=655"},"modified":"2024-04-06T01:35:22","modified_gmt":"2024-04-05T23:35:22","slug":"terzo-living-lab","status":"publish","type":"page","link":"https:\/\/nextcitylab.it\/?page_id=655","title":{"rendered":"Terzo Living Lab"},"content":{"rendered":"\n<div style=\"height:20px\" aria-hidden=\"true\" class=\"wp-block-spacer\"><\/div>\n\n\n\n<p><br>Il&nbsp;<strong>3\u00b0 LivingLAB, del progetto NextCityLAB<\/strong>&nbsp;\u2013 Laboratorio partecipato di attivazione civica per una citt\u00e0 inclusiva e sostenibile, promosso dal Dipartimento di Scienze Sociali ed Economiche dell\u2019Universit\u00e0 La Sapienza e da rappresentanti di organizzazioni del Terzo settore, si \u00e8 svolto venerd\u00ec 22 marzo&nbsp;<strong>presso la Ludoteca dell&#8217;Asilo nido &#8220;Oltre il giardino&#8221;<\/strong>&nbsp;al Quarticciolo, Roma.<\/p>\n\n\n\n<p><br>Il laboratorio \u2013 che ha visto la partecipazione di studenti, istituzioni, cittadini, realt\u00e0 associative del territorio, tra cui l\u2019Istituto Scolastico Pirotta, la cooperativa Nuove Risposte, una rappresentanza dell\u2019Ordine degli Assistenti Sociali del Lazio e del Comitato di quartiere \u2013 ha sviluppato <strong>esercizi di immaginazione collettiva<\/strong>. Dalla discussione, \u00e8 emersa l&#8217;importanza della <em>presenza<\/em> sul territorio e della condivisione delle iniziative, dando in questo modo seguito al 2\u00b0 LivingLAB, in cui sono state identificate, a partire da una riflessione comune, le problematiche del quartiere.<\/p>\n\n\n\n<p><\/p>\n\n\n\n<p>Seguir\u00e0 ad aprile un quarto incontro, in cui i partecipanti saranno invitati a mettere in campo il vocabolario del possibile, immaginando percorsi di attuazione delle proposte emerse.<\/p>\n\n\n\n<p><\/p>\n\n\n\n<figure class=\"wp-block-image aligncenter size-full is-resized\"><img loading=\"lazy\" decoding=\"async\" width=\"1080\" height=\"1080\" src=\"https:\/\/nextcitylab.it\/wp-content\/uploads\/2024\/04\/91D798F1-D7FB-4105-BED9-DC816354F9DC.png\" alt=\"\" class=\"wp-image-668\" style=\"width:284px;height:auto\" srcset=\"https:\/\/nextcitylab.it\/wp-content\/uploads\/2024\/04\/91D798F1-D7FB-4105-BED9-DC816354F9DC.png 1080w, https:\/\/nextcitylab.it\/wp-content\/uploads\/2024\/04\/91D798F1-D7FB-4105-BED9-DC816354F9DC-300x300.png 300w, https:\/\/nextcitylab.it\/wp-content\/uploads\/2024\/04\/91D798F1-D7FB-4105-BED9-DC816354F9DC-1024x1024.png 1024w, https:\/\/nextcitylab.it\/wp-content\/uploads\/2024\/04\/91D798F1-D7FB-4105-BED9-DC816354F9DC-150x150.png 150w, https:\/\/nextcitylab.it\/wp-content\/uploads\/2024\/04\/91D798F1-D7FB-4105-BED9-DC816354F9DC-768x768.png 768w\" sizes=\"auto, (max-width: 1080px) 100vw, 1080px\" \/><\/figure>\n\n\n\n<p><strong>Materiali:<\/strong><\/p>\n\n\n\n\n\n<p><strong>Locandina:<\/strong><\/p>\n\n\n\n<div data-wp-interactive=\"core\/file\" class=\"wp-block-file\"><object data-wp-bind--hidden=\"!state.hasPdfPreview\" hidden class=\"wp-block-file__embed\" data=\"https:\/\/nextcitylab.it\/wp-content\/uploads\/2024\/04\/Locandina-terzo-Living-Lab-22-marzo.pdf\" type=\"application\/pdf\" style=\"width:100%;height:600px\" aria-label=\"Incorporamento di Locandina-terzo-Living-Lab-22-marzo.\"><\/object><a id=\"wp-block-file--media-08869e50-22f9-48d6-939a-588cc421c50e\" href=\"https:\/\/nextcitylab.it\/wp-content\/uploads\/2024\/04\/Locandina-terzo-Living-Lab-22-marzo.pdf\">Locandina-terzo-Living-Lab-22-marzo<\/a><a href=\"https:\/\/nextcitylab.it\/wp-content\/uploads\/2024\/04\/Locandina-terzo-Living-Lab-22-marzo.pdf\" class=\"wp-block-file__button wp-element-button\" download aria-describedby=\"wp-block-file--media-08869e50-22f9-48d6-939a-588cc421c50e\">Download<\/a><\/div>\n","protected":false},"excerpt":{"rendered":"<p>Il&nbsp;3\u00b0 LivingLAB, del progetto NextCityLAB&nbsp;\u2013 Laboratorio partecipato di attivazione civica per una citt\u00e0 inclusiva e sostenibile, promosso dal Dipartimento di Scienze Sociali ed Economiche dell\u2019Universit\u00e0 La Sapienza e da rappresentanti di organizzazioni del Terzo settore, si \u00e8 svolto venerd\u00ec 22 marzo&nbsp;presso la Ludoteca dell&#8217;Asilo nido &#8220;Oltre il giardino&#8221;&nbsp;al Quarticciolo, Roma. Il laboratorio \u2013 che ha [&hellip;]<\/p>\n","protected":false},"author":1,"featured_media":0,"parent":57,"menu_order":3,"comment_status":"closed","ping_status":"closed","template":"","meta":{"footnotes":""},"class_list":["post-655","page","type-page","status-publish","hentry"],"yoast_head":"<!-- This site is optimized with the Yoast SEO plugin v27.6 - https:\/\/yoast.com\/product\/yoast-seo-wordpress\/ -->\n<title>Terzo Living Lab - Next City Lab \u00e8 un progetto di Terza missione di Sapienza Universit\u00e0 di Roma<\/title>\n<meta name=\"robots\" content=\"index, follow, max-snippet:-1, max-image-preview:large, max-video-preview:-1\" \/>\n<link rel=\"canonical\" href=\"https:\/\/nextcitylab.it\/?page_id=655\" \/>\n<meta property=\"og:locale\" content=\"it_IT\" \/>\n<meta property=\"og:type\" content=\"article\" \/>\n<meta property=\"og:title\" content=\"Terzo Living Lab - Next City Lab \u00e8 un progetto di Terza missione di Sapienza Universit\u00e0 di Roma\" \/>\n<meta property=\"og:description\" content=\"Il&nbsp;3\u00b0 LivingLAB, del progetto NextCityLAB&nbsp;\u2013 Laboratorio partecipato di attivazione civica per una citt\u00e0 inclusiva e sostenibile, promosso dal Dipartimento di Scienze Sociali ed Economiche dell\u2019Universit\u00e0 La Sapienza e da rappresentanti di organizzazioni del Terzo settore, si \u00e8 svolto venerd\u00ec 22 marzo&nbsp;presso la Ludoteca dell&#8217;Asilo nido &#8220;Oltre il giardino&#8221;&nbsp;al Quarticciolo, Roma. Il laboratorio \u2013 che ha [&hellip;]\" \/>\n<meta property=\"og:url\" content=\"https:\/\/nextcitylab.it\/?page_id=655\" \/>\n<meta property=\"og:site_name\" content=\"Next City Lab \u00e8 un progetto di Terza missione di Sapienza Universit\u00e0 di Roma\" \/>\n<meta property=\"article:publisher\" content=\"https:\/\/www.facebook.com\/profile.php?id=61554434993419\" \/>\n<meta property=\"article:modified_time\" content=\"2024-04-05T23:35:22+00:00\" \/>\n<meta property=\"og:image\" content=\"https:\/\/nextcitylab.it\/wp-content\/uploads\/2024\/04\/91D798F1-D7FB-4105-BED9-DC816354F9DC.png\" \/>\n<meta name=\"twitter:card\" content=\"summary_large_image\" \/>\n<meta name=\"twitter:label1\" content=\"Tempo di lettura stimato\" \/>\n\t<meta name=\"twitter:data1\" content=\"1 minuto\" \/>\n<script type=\"application\/ld+json\" class=\"yoast-schema-graph\">{\"@context\":\"https:\\\/\\\/schema.org\",\"@graph\":[{\"@type\":\"WebPage\",\"@id\":\"https:\\\/\\\/nextcitylab.it\\\/?page_id=655\",\"url\":\"https:\\\/\\\/nextcitylab.it\\\/?page_id=655\",\"name\":\"Terzo Living Lab - Next City Lab \u00e8 un progetto di Terza missione di Sapienza Universit\u00e0 di Roma\",\"isPartOf\":{\"@id\":\"https:\\\/\\\/nextcitylab.it\\\/#website\"},\"primaryImageOfPage\":{\"@id\":\"https:\\\/\\\/nextcitylab.it\\\/?page_id=655#primaryimage\"},\"image\":{\"@id\":\"https:\\\/\\\/nextcitylab.it\\\/?page_id=655#primaryimage\"},\"thumbnailUrl\":\"https:\\\/\\\/nextcitylab.it\\\/wp-content\\\/uploads\\\/2024\\\/04\\\/91D798F1-D7FB-4105-BED9-DC816354F9DC.png\",\"datePublished\":\"2024-04-05T16:23:39+00:00\",\"dateModified\":\"2024-04-05T23:35:22+00:00\",\"breadcrumb\":{\"@id\":\"https:\\\/\\\/nextcitylab.it\\\/?page_id=655#breadcrumb\"},\"inLanguage\":\"it-IT\",\"potentialAction\":[{\"@type\":\"ReadAction\",\"target\":[\"https:\\\/\\\/nextcitylab.it\\\/?page_id=655\"]}]},{\"@type\":\"ImageObject\",\"inLanguage\":\"it-IT\",\"@id\":\"https:\\\/\\\/nextcitylab.it\\\/?page_id=655#primaryimage\",\"url\":\"https:\\\/\\\/nextcitylab.it\\\/wp-content\\\/uploads\\\/2024\\\/04\\\/91D798F1-D7FB-4105-BED9-DC816354F9DC.png\",\"contentUrl\":\"https:\\\/\\\/nextcitylab.it\\\/wp-content\\\/uploads\\\/2024\\\/04\\\/91D798F1-D7FB-4105-BED9-DC816354F9DC.png\",\"width\":1080,\"height\":1080},{\"@type\":\"BreadcrumbList\",\"@id\":\"https:\\\/\\\/nextcitylab.it\\\/?page_id=655#breadcrumb\",\"itemListElement\":[{\"@type\":\"ListItem\",\"position\":1,\"name\":\"Home\",\"item\":\"https:\\\/\\\/nextcitylab.it\\\/\"},{\"@type\":\"ListItem\",\"position\":2,\"name\":\"Living Labs\",\"item\":\"https:\\\/\\\/nextcitylab.it\\\/?page_id=57\"},{\"@type\":\"ListItem\",\"position\":3,\"name\":\"Terzo Living Lab\"}]},{\"@type\":\"WebSite\",\"@id\":\"https:\\\/\\\/nextcitylab.it\\\/#website\",\"url\":\"https:\\\/\\\/nextcitylab.it\\\/\",\"name\":\"Next City Lab Sapienza Universit\u00e0 di Roma\",\"description\":\"\",\"publisher\":{\"@id\":\"https:\\\/\\\/nextcitylab.it\\\/#organization\"},\"potentialAction\":[{\"@type\":\"SearchAction\",\"target\":{\"@type\":\"EntryPoint\",\"urlTemplate\":\"https:\\\/\\\/nextcitylab.it\\\/?s={search_term_string}\"},\"query-input\":{\"@type\":\"PropertyValueSpecification\",\"valueRequired\":true,\"valueName\":\"search_term_string\"}}],\"inLanguage\":\"it-IT\"},{\"@type\":\"Organization\",\"@id\":\"https:\\\/\\\/nextcitylab.it\\\/#organization\",\"name\":\"Next City Lab Sapienza Universit\u00e0 di Roma\",\"url\":\"https:\\\/\\\/nextcitylab.it\\\/\",\"logo\":{\"@type\":\"ImageObject\",\"inLanguage\":\"it-IT\",\"@id\":\"https:\\\/\\\/nextcitylab.it\\\/#\\\/schema\\\/logo\\\/image\\\/\",\"url\":\"https:\\\/\\\/nextcitylab.it\\\/wp-content\\\/uploads\\\/2024\\\/01\\\/cropped-IMG_7409.jpg\",\"contentUrl\":\"https:\\\/\\\/nextcitylab.it\\\/wp-content\\\/uploads\\\/2024\\\/01\\\/cropped-IMG_7409.jpg\",\"width\":512,\"height\":512,\"caption\":\"Next City Lab Sapienza Universit\u00e0 di Roma\"},\"image\":{\"@id\":\"https:\\\/\\\/nextcitylab.it\\\/#\\\/schema\\\/logo\\\/image\\\/\"},\"sameAs\":[\"https:\\\/\\\/www.facebook.com\\\/profile.php?id=61554434993419\",\"https:\\\/\\\/www.instagram.com\\\/nextcitylab\\\/\"]}]}<\/script>\n<!-- \/ Yoast SEO plugin. -->","yoast_head_json":{"title":"Terzo Living Lab - Next City Lab \u00e8 un progetto di Terza missione di Sapienza Universit\u00e0 di Roma","robots":{"index":"index","follow":"follow","max-snippet":"max-snippet:-1","max-image-preview":"max-image-preview:large","max-video-preview":"max-video-preview:-1"},"canonical":"https:\/\/nextcitylab.it\/?page_id=655","og_locale":"it_IT","og_type":"article","og_title":"Terzo Living Lab - Next City Lab \u00e8 un progetto di Terza missione di Sapienza Universit\u00e0 di Roma","og_description":"Il&nbsp;3\u00b0 LivingLAB, del progetto NextCityLAB&nbsp;\u2013 Laboratorio partecipato di attivazione civica per una citt\u00e0 inclusiva e sostenibile, promosso dal Dipartimento di Scienze Sociali ed Economiche dell\u2019Universit\u00e0 La Sapienza e da rappresentanti di organizzazioni del Terzo settore, si \u00e8 svolto venerd\u00ec 22 marzo&nbsp;presso la Ludoteca dell&#8217;Asilo nido &#8220;Oltre il giardino&#8221;&nbsp;al Quarticciolo, Roma. Il laboratorio \u2013 che ha [&hellip;]","og_url":"https:\/\/nextcitylab.it\/?page_id=655","og_site_name":"Next City Lab \u00e8 un progetto di Terza missione di Sapienza Universit\u00e0 di Roma","article_publisher":"https:\/\/www.facebook.com\/profile.php?id=61554434993419","article_modified_time":"2024-04-05T23:35:22+00:00","og_image":[{"url":"https:\/\/nextcitylab.it\/wp-content\/uploads\/2024\/04\/91D798F1-D7FB-4105-BED9-DC816354F9DC.png","type":"","width":"","height":""}],"twitter_card":"summary_large_image","twitter_misc":{"Tempo di lettura stimato":"1 minuto"},"schema":{"@context":"https:\/\/schema.org","@graph":[{"@type":"WebPage","@id":"https:\/\/nextcitylab.it\/?page_id=655","url":"https:\/\/nextcitylab.it\/?page_id=655","name":"Terzo Living Lab - Next City Lab \u00e8 un progetto di Terza missione di Sapienza Universit\u00e0 di Roma","isPartOf":{"@id":"https:\/\/nextcitylab.it\/#website"},"primaryImageOfPage":{"@id":"https:\/\/nextcitylab.it\/?page_id=655#primaryimage"},"image":{"@id":"https:\/\/nextcitylab.it\/?page_id=655#primaryimage"},"thumbnailUrl":"https:\/\/nextcitylab.it\/wp-content\/uploads\/2024\/04\/91D798F1-D7FB-4105-BED9-DC816354F9DC.png","datePublished":"2024-04-05T16:23:39+00:00","dateModified":"2024-04-05T23:35:22+00:00","breadcrumb":{"@id":"https:\/\/nextcitylab.it\/?page_id=655#breadcrumb"},"inLanguage":"it-IT","potentialAction":[{"@type":"ReadAction","target":["https:\/\/nextcitylab.it\/?page_id=655"]}]},{"@type":"ImageObject","inLanguage":"it-IT","@id":"https:\/\/nextcitylab.it\/?page_id=655#primaryimage","url":"https:\/\/nextcitylab.it\/wp-content\/uploads\/2024\/04\/91D798F1-D7FB-4105-BED9-DC816354F9DC.png","contentUrl":"https:\/\/nextcitylab.it\/wp-content\/uploads\/2024\/04\/91D798F1-D7FB-4105-BED9-DC816354F9DC.png","width":1080,"height":1080},{"@type":"BreadcrumbList","@id":"https:\/\/nextcitylab.it\/?page_id=655#breadcrumb","itemListElement":[{"@type":"ListItem","position":1,"name":"Home","item":"https:\/\/nextcitylab.it\/"},{"@type":"ListItem","position":2,"name":"Living Labs","item":"https:\/\/nextcitylab.it\/?page_id=57"},{"@type":"ListItem","position":3,"name":"Terzo Living Lab"}]},{"@type":"WebSite","@id":"https:\/\/nextcitylab.it\/#website","url":"https:\/\/nextcitylab.it\/","name":"Next City Lab Sapienza Universit\u00e0 di Roma","description":"","publisher":{"@id":"https:\/\/nextcitylab.it\/#organization"},"potentialAction":[{"@type":"SearchAction","target":{"@type":"EntryPoint","urlTemplate":"https:\/\/nextcitylab.it\/?s={search_term_string}"},"query-input":{"@type":"PropertyValueSpecification","valueRequired":true,"valueName":"search_term_string"}}],"inLanguage":"it-IT"},{"@type":"Organization","@id":"https:\/\/nextcitylab.it\/#organization","name":"Next City Lab Sapienza Universit\u00e0 di Roma","url":"https:\/\/nextcitylab.it\/","logo":{"@type":"ImageObject","inLanguage":"it-IT","@id":"https:\/\/nextcitylab.it\/#\/schema\/logo\/image\/","url":"https:\/\/nextcitylab.it\/wp-content\/uploads\/2024\/01\/cropped-IMG_7409.jpg","contentUrl":"https:\/\/nextcitylab.it\/wp-content\/uploads\/2024\/01\/cropped-IMG_7409.jpg","width":512,"height":512,"caption":"Next City Lab Sapienza Universit\u00e0 di Roma"},"image":{"@id":"https:\/\/nextcitylab.it\/#\/schema\/logo\/image\/"},"sameAs":["https:\/\/www.facebook.com\/profile.php?id=61554434993419","https:\/\/www.instagram.com\/nextcitylab\/"]}]}},"_links":{"self":[{"href":"https:\/\/nextcitylab.it\/index.php?rest_route=\/wp\/v2\/pages\/655","targetHints":{"allow":["GET"]}}],"collection":[{"href":"https:\/\/nextcitylab.it\/index.php?rest_route=\/wp\/v2\/pages"}],"about":[{"href":"https:\/\/nextcitylab.it\/index.php?rest_route=\/wp\/v2\/types\/page"}],"author":[{"embeddable":true,"href":"https:\/\/nextcitylab.it\/index.php?rest_route=\/wp\/v2\/users\/1"}],"replies":[{"embeddable":true,"href":"https:\/\/nextcitylab.it\/index.php?rest_route=%2Fwp%2Fv2%2Fcomments&post=655"}],"version-history":[{"count":7,"href":"https:\/\/nextcitylab.it\/index.php?rest_route=\/wp\/v2\/pages\/655\/revisions"}],"predecessor-version":[{"id":676,"href":"https:\/\/nextcitylab.it\/index.php?rest_route=\/wp\/v2\/pages\/655\/revisions\/676"}],"up":[{"embeddable":true,"href":"https:\/\/nextcitylab.it\/index.php?rest_route=\/wp\/v2\/pages\/57"}],"wp:attachment":[{"href":"https:\/\/nextcitylab.it\/index.php?rest_route=%2Fwp%2Fv2%2Fmedia&parent=655"}],"curies":[{"name":"wp","href":"https:\/\/api.w.org\/{rel}","templated":true}]}}