{"id":33,"date":"2024-01-11T18:36:04","date_gmt":"2024-01-11T17:36:04","guid":{"rendered":"https:\/\/nextcitylab.it\/?page_id=33"},"modified":"2024-02-07T11:37:47","modified_gmt":"2024-02-07T10:37:47","slug":"notizie","status":"publish","type":"page","link":"https:\/\/nextcitylab.it\/?page_id=33","title":{"rendered":"Notizie"},"content":{"rendered":"\n<div class=\"wp-block-query is-layout-flow wp-block-query-is-layout-flow\"><ul class=\"wp-block-post-template is-layout-flow wp-block-post-template-is-layout-flow\"><li class=\"wp-block-post post-896 post type-post status-publish format-standard hentry category-living-labs\">\n<h2 class=\"wp-block-post-title\"><a href=\"https:\/\/nextcitylab.it\/?p=896\" target=\"_self\" >NextCityLAB. La (contro)mappa partecipata del Quarticciolo<\/a><\/h2>\n\n<div class=\"wp-block-post-excerpt\"><p class=\"wp-block-post-excerpt__excerpt\">Sono online i risultati del lavoro di mappatura partecipata realizzato con le alunne e gli alunni della Scuola Primaria \u201cPirotta\u201d e le studentesse e gli studenti di Sociologia e Servizio Sociale del DiSSE Sapienza! Dopo i LivingLABs e l\u2019evento finale al Teatro-Biblioteca Quarticciolo, il progetto di Terza Missione NextCityLAB (www.nextcitylab.it) di Sapienza Universit\u00e0 di Roma<\/p><p class=\"wp-block-post-excerpt__more-text\"><a class=\"wp-block-post-excerpt__more-link\" href=\"https:\/\/nextcitylab.it\/?p=896\">Leggi tutto<\/a><\/p><\/div>\n\n\n<div style=\"height:17px\" aria-hidden=\"true\" class=\"wp-block-spacer\"><\/div>\n\n\n\n<div class=\"wp-block-group is-vertical is-layout-flex wp-container-core-group-is-layout-fe9cc265 wp-block-group-is-layout-flex\">\n<div style=\"height:0px\" aria-hidden=\"true\" class=\"wp-block-spacer wp-container-content-9760934e\"><\/div>\n<\/div>\n\n<\/li><li class=\"wp-block-post post-879 post type-post status-publish format-standard hentry category-eventi category-sul-territorio\">\n<h2 class=\"wp-block-post-title\"><a href=\"https:\/\/nextcitylab.it\/?p=879\" target=\"_self\" >Evento finale \u201cCity Mapping &#8211; Scopri e Racconta il tuo Quarticciolo\u201d del progetto di Terza Missione Sapienza &#8220;NextCityLAB&#8221;<\/a><\/h2>\n\n<div class=\"wp-block-post-excerpt\"><p class=\"wp-block-post-excerpt__excerpt\">\u201c\u00c9 un quartiere poco vivibile e molto strano\u2026 ma quando abbiamo fatto le foto a mesembrava molto carino perch\u00e9 \u00e8 il mio quartiere, ci sono nata, [e ha] avuto moltosenso perch\u00e9 ho fatto vedere il quartiere ai miei amici\u201d. \u201cIl quartiere non \u00e8 tutto rose e fiori ma la scuola \u00e8 bella: \u00e8 bella la<\/p><p class=\"wp-block-post-excerpt__more-text\"><a class=\"wp-block-post-excerpt__more-link\" href=\"https:\/\/nextcitylab.it\/?p=879\">Leggi tutto<\/a><\/p><\/div>\n\n\n<div style=\"height:17px\" aria-hidden=\"true\" class=\"wp-block-spacer\"><\/div>\n\n\n\n<div class=\"wp-block-group is-vertical is-layout-flex wp-container-core-group-is-layout-fe9cc265 wp-block-group-is-layout-flex\">\n<div style=\"height:0px\" aria-hidden=\"true\" class=\"wp-block-spacer wp-container-content-9760934e\"><\/div>\n<\/div>\n\n<\/li><li class=\"wp-block-post post-860 post type-post status-publish format-standard hentry category-eventi tag-disse-sapienza\">\n<h2 class=\"wp-block-post-title\"><a href=\"https:\/\/nextcitylab.it\/?p=860\" target=\"_self\" >Metodi partecipativi per la ricerca: l&#8217;uso della cartografia per il public engagement<\/a><\/h2>\n\n<div class=\"wp-block-post-excerpt\"><p class=\"wp-block-post-excerpt__excerpt\">Il 17 febbraio NextCityLAB, in collaborazione con il Dottorato in Scienze Sociali ed Economiche del DiSSE, ha organizzato il seminario &#8220;Metodi partecipativi per la ricerca: l&#8217;uso della cartografia per il public engagement&#8221;. La prof.ssa Decataldo ha discusso le questioni metodologiche ed etiche della ricerca partecipativa e collaborativa, evidenziando i vantaggi di un approccio che apre<\/p><p class=\"wp-block-post-excerpt__more-text\"><a class=\"wp-block-post-excerpt__more-link\" href=\"https:\/\/nextcitylab.it\/?p=860\">Leggi tutto<\/a><\/p><\/div>\n\n\n<div style=\"height:17px\" aria-hidden=\"true\" class=\"wp-block-spacer\"><\/div>\n\n\n\n<div class=\"wp-block-group is-vertical is-layout-flex wp-container-core-group-is-layout-fe9cc265 wp-block-group-is-layout-flex\">\n<div style=\"height:0px\" aria-hidden=\"true\" class=\"wp-block-spacer wp-container-content-9760934e\"><\/div>\n<\/div>\n\n<\/li><\/ul>\n\n<nav class=\"wp-block-query-pagination is-layout-flex wp-block-query-pagination-is-layout-flex\" aria-label=\"Paginazione\">\n\n\n<div class=\"wp-block-query-pagination-numbers\"><span aria-current=\"page\" class=\"page-numbers current\">1<\/span>\n<a class=\"page-numbers\" href=\"?query-10-page=2&#038;rest_route=%2Fwp%2Fv2%2Fpages%2F33\">2<\/a>\n<a class=\"page-numbers\" href=\"?query-10-page=3&#038;rest_route=%2Fwp%2Fv2%2Fpages%2F33\">3<\/a>\n<span class=\"page-numbers dots\">&hellip;<\/span>\n<a class=\"page-numbers\" href=\"?query-10-page=6&#038;rest_route=%2Fwp%2Fv2%2Fpages%2F33\">6<\/a><\/div>\n\n<a href=\"\/index.php?rest_route=%2Fwp%2Fv2%2Fpages%2F33&#038;query-10-page=2\" class=\"wp-block-query-pagination-next\">Pagina successiva<\/a>\n<\/nav><\/div>\n\n\n\n<div class=\"wp-block-group has-global-padding is-layout-constrained wp-block-group-is-layout-constrained\"><\/div>\n\n\n\n<p><\/p>\n","protected":false},"excerpt":{"rendered":"","protected":false},"author":1,"featured_media":0,"parent":0,"menu_order":0,"comment_status":"closed","ping_status":"closed","template":"","meta":{"footnotes":""},"class_list":["post-33","page","type-page","status-publish","hentry"],"yoast_head":"<!-- This site is optimized with the Yoast SEO plugin v27.6 - https:\/\/yoast.com\/product\/yoast-seo-wordpress\/ -->\n<title>Notizie - Next City Lab \u00e8 un progetto di Terza missione di Sapienza Universit\u00e0 di Roma<\/title>\n<meta name=\"robots\" content=\"index, follow, max-snippet:-1, max-image-preview:large, max-video-preview:-1\" \/>\n<link rel=\"canonical\" href=\"https:\/\/nextcitylab.it\/?page_id=33\" \/>\n<link rel=\"next\" href=\"https:\/\/nextcitylab.it\/?page_id=33index.php?rest_route=%2Fwp%2Fv2%2Fpages%2F33&query-10-page=2\" \/>\n<meta property=\"og:locale\" content=\"it_IT\" \/>\n<meta property=\"og:type\" content=\"article\" \/>\n<meta property=\"og:title\" content=\"Notizie - Next City Lab \u00e8 un progetto di Terza missione di Sapienza Universit\u00e0 di Roma\" \/>\n<meta property=\"og:url\" content=\"https:\/\/nextcitylab.it\/?page_id=33\" \/>\n<meta property=\"og:site_name\" content=\"Next City Lab \u00e8 un progetto di Terza missione di Sapienza Universit\u00e0 di Roma\" \/>\n<meta property=\"article:publisher\" content=\"https:\/\/www.facebook.com\/profile.php?id=61554434993419\" \/>\n<meta property=\"article:modified_time\" content=\"2024-02-07T10:37:47+00:00\" \/>\n<meta name=\"twitter:card\" content=\"summary_large_image\" \/>\n<script type=\"application\/ld+json\" class=\"yoast-schema-graph\">{\"@context\":\"https:\\\/\\\/schema.org\",\"@graph\":[{\"@type\":\"WebPage\",\"@id\":\"https:\\\/\\\/nextcitylab.it\\\/?page_id=33\",\"url\":\"https:\\\/\\\/nextcitylab.it\\\/?page_id=33\",\"name\":\"Notizie - Next City Lab \u00e8 un progetto di Terza missione di Sapienza Universit\u00e0 di Roma\",\"isPartOf\":{\"@id\":\"https:\\\/\\\/nextcitylab.it\\\/#website\"},\"datePublished\":\"2024-01-11T17:36:04+00:00\",\"dateModified\":\"2024-02-07T10:37:47+00:00\",\"breadcrumb\":{\"@id\":\"https:\\\/\\\/nextcitylab.it\\\/?page_id=33#breadcrumb\"},\"inLanguage\":\"it-IT\",\"potentialAction\":[{\"@type\":\"ReadAction\",\"target\":[\"https:\\\/\\\/nextcitylab.it\\\/?page_id=33\"]}]},{\"@type\":\"BreadcrumbList\",\"@id\":\"https:\\\/\\\/nextcitylab.it\\\/?page_id=33#breadcrumb\",\"itemListElement\":[{\"@type\":\"ListItem\",\"position\":1,\"name\":\"Home\",\"item\":\"https:\\\/\\\/nextcitylab.it\\\/\"},{\"@type\":\"ListItem\",\"position\":2,\"name\":\"Notizie\"}]},{\"@type\":\"WebSite\",\"@id\":\"https:\\\/\\\/nextcitylab.it\\\/#website\",\"url\":\"https:\\\/\\\/nextcitylab.it\\\/\",\"name\":\"Next City Lab Sapienza Universit\u00e0 di Roma\",\"description\":\"\",\"publisher\":{\"@id\":\"https:\\\/\\\/nextcitylab.it\\\/#organization\"},\"potentialAction\":[{\"@type\":\"SearchAction\",\"target\":{\"@type\":\"EntryPoint\",\"urlTemplate\":\"https:\\\/\\\/nextcitylab.it\\\/?s={search_term_string}\"},\"query-input\":{\"@type\":\"PropertyValueSpecification\",\"valueRequired\":true,\"valueName\":\"search_term_string\"}}],\"inLanguage\":\"it-IT\"},{\"@type\":\"Organization\",\"@id\":\"https:\\\/\\\/nextcitylab.it\\\/#organization\",\"name\":\"Next City Lab Sapienza Universit\u00e0 di Roma\",\"url\":\"https:\\\/\\\/nextcitylab.it\\\/\",\"logo\":{\"@type\":\"ImageObject\",\"inLanguage\":\"it-IT\",\"@id\":\"https:\\\/\\\/nextcitylab.it\\\/#\\\/schema\\\/logo\\\/image\\\/\",\"url\":\"https:\\\/\\\/nextcitylab.it\\\/wp-content\\\/uploads\\\/2024\\\/01\\\/cropped-IMG_7409.jpg\",\"contentUrl\":\"https:\\\/\\\/nextcitylab.it\\\/wp-content\\\/uploads\\\/2024\\\/01\\\/cropped-IMG_7409.jpg\",\"width\":512,\"height\":512,\"caption\":\"Next City Lab Sapienza Universit\u00e0 di Roma\"},\"image\":{\"@id\":\"https:\\\/\\\/nextcitylab.it\\\/#\\\/schema\\\/logo\\\/image\\\/\"},\"sameAs\":[\"https:\\\/\\\/www.facebook.com\\\/profile.php?id=61554434993419\",\"https:\\\/\\\/www.instagram.com\\\/nextcitylab\\\/\"]}]}<\/script>\n<!-- \/ Yoast SEO plugin. -->","yoast_head_json":{"title":"Notizie - Next City Lab \u00e8 un progetto di Terza missione di Sapienza Universit\u00e0 di Roma","robots":{"index":"index","follow":"follow","max-snippet":"max-snippet:-1","max-image-preview":"max-image-preview:large","max-video-preview":"max-video-preview:-1"},"canonical":"https:\/\/nextcitylab.it\/?page_id=33","next":"https:\/\/nextcitylab.it\/?page_id=33index.php?rest_route=%2Fwp%2Fv2%2Fpages%2F33&query-10-page=2","og_locale":"it_IT","og_type":"article","og_title":"Notizie - Next City Lab \u00e8 un progetto di Terza missione di Sapienza Universit\u00e0 di Roma","og_url":"https:\/\/nextcitylab.it\/?page_id=33","og_site_name":"Next City Lab \u00e8 un progetto di Terza missione di Sapienza Universit\u00e0 di Roma","article_publisher":"https:\/\/www.facebook.com\/profile.php?id=61554434993419","article_modified_time":"2024-02-07T10:37:47+00:00","twitter_card":"summary_large_image","schema":{"@context":"https:\/\/schema.org","@graph":[{"@type":"WebPage","@id":"https:\/\/nextcitylab.it\/?page_id=33","url":"https:\/\/nextcitylab.it\/?page_id=33","name":"Notizie - Next City Lab \u00e8 un progetto di Terza missione di Sapienza Universit\u00e0 di Roma","isPartOf":{"@id":"https:\/\/nextcitylab.it\/#website"},"datePublished":"2024-01-11T17:36:04+00:00","dateModified":"2024-02-07T10:37:47+00:00","breadcrumb":{"@id":"https:\/\/nextcitylab.it\/?page_id=33#breadcrumb"},"inLanguage":"it-IT","potentialAction":[{"@type":"ReadAction","target":["https:\/\/nextcitylab.it\/?page_id=33"]}]},{"@type":"BreadcrumbList","@id":"https:\/\/nextcitylab.it\/?page_id=33#breadcrumb","itemListElement":[{"@type":"ListItem","position":1,"name":"Home","item":"https:\/\/nextcitylab.it\/"},{"@type":"ListItem","position":2,"name":"Notizie"}]},{"@type":"WebSite","@id":"https:\/\/nextcitylab.it\/#website","url":"https:\/\/nextcitylab.it\/","name":"Next City Lab Sapienza Universit\u00e0 di Roma","description":"","publisher":{"@id":"https:\/\/nextcitylab.it\/#organization"},"potentialAction":[{"@type":"SearchAction","target":{"@type":"EntryPoint","urlTemplate":"https:\/\/nextcitylab.it\/?s={search_term_string}"},"query-input":{"@type":"PropertyValueSpecification","valueRequired":true,"valueName":"search_term_string"}}],"inLanguage":"it-IT"},{"@type":"Organization","@id":"https:\/\/nextcitylab.it\/#organization","name":"Next City Lab Sapienza Universit\u00e0 di Roma","url":"https:\/\/nextcitylab.it\/","logo":{"@type":"ImageObject","inLanguage":"it-IT","@id":"https:\/\/nextcitylab.it\/#\/schema\/logo\/image\/","url":"https:\/\/nextcitylab.it\/wp-content\/uploads\/2024\/01\/cropped-IMG_7409.jpg","contentUrl":"https:\/\/nextcitylab.it\/wp-content\/uploads\/2024\/01\/cropped-IMG_7409.jpg","width":512,"height":512,"caption":"Next City Lab Sapienza Universit\u00e0 di Roma"},"image":{"@id":"https:\/\/nextcitylab.it\/#\/schema\/logo\/image\/"},"sameAs":["https:\/\/www.facebook.com\/profile.php?id=61554434993419","https:\/\/www.instagram.com\/nextcitylab\/"]}]}},"_links":{"self":[{"href":"https:\/\/nextcitylab.it\/index.php?rest_route=\/wp\/v2\/pages\/33","targetHints":{"allow":["GET"]}}],"collection":[{"href":"https:\/\/nextcitylab.it\/index.php?rest_route=\/wp\/v2\/pages"}],"about":[{"href":"https:\/\/nextcitylab.it\/index.php?rest_route=\/wp\/v2\/types\/page"}],"author":[{"embeddable":true,"href":"https:\/\/nextcitylab.it\/index.php?rest_route=\/wp\/v2\/users\/1"}],"replies":[{"embeddable":true,"href":"https:\/\/nextcitylab.it\/index.php?rest_route=%2Fwp%2Fv2%2Fcomments&post=33"}],"version-history":[{"count":21,"href":"https:\/\/nextcitylab.it\/index.php?rest_route=\/wp\/v2\/pages\/33\/revisions"}],"predecessor-version":[{"id":604,"href":"https:\/\/nextcitylab.it\/index.php?rest_route=\/wp\/v2\/pages\/33\/revisions\/604"}],"wp:attachment":[{"href":"https:\/\/nextcitylab.it\/index.php?rest_route=%2Fwp%2Fv2%2Fmedia&parent=33"}],"curies":[{"name":"wp","href":"https:\/\/api.w.org\/{rel}","templated":true}]}}