{"id":294,"date":"2024-01-19T10:43:47","date_gmt":"2024-01-19T09:43:47","guid":{"rendered":"https:\/\/nextcitylab.it\/?page_id=294"},"modified":"2024-02-02T19:49:08","modified_gmt":"2024-02-02T18:49:08","slug":"secondo-living-lab","status":"publish","type":"page","link":"https:\/\/nextcitylab.it\/?page_id=294","title":{"rendered":"Secondo Living Lab"},"content":{"rendered":"\n<p>Il <strong>2\u00b0 LivingLAB, del progetto NextCityLAB<\/strong> &#8211; Laboratorio partecipato di attivazione civica per una citt\u00e0 inclusiva e sostenibile, promosso dal Dipartimento di Scienze Sociali ed Economiche dell\u2019Universit\u00e0 La Sapienza e da rappresentanti di organizzazioni del Terzo settore, si \u00e8 svolto venerd\u00ec 26 gennaio <strong>presso l\u2019Istituto Comprensivo Pirotta<\/strong> al Quarticciolo, Roma.<\/p>\n\n\n\n<p><br>Il laboratorio \u2013 che ha visto la partecipazione di istituzioni, cittadini e realt\u00e0 associative del territorio, tra cui l\u2019Istituto Scolastico Pirotta, la cooperativa Nuove Risposte, la Parrocchia Ascensione e una rappresentanza dell\u2019Ordine degli Assistenti Sociali del Lazio \u2013 ha sviluppato un confronto sul tema della co-progettazione, anche a partire dalle implicazioni pratiche e sociali derivanti dal progetto di dimensionamento dell&#8217;I.C. Pirotta, unico presidio scolastico presente al Quarticciolo.<\/p>\n\n\n\n<div style=\"height:10px\" aria-hidden=\"true\" class=\"wp-block-spacer\"><\/div>\n\n\n\n<p>Dando seguito all\u2019evento di lancio del 1 dicembre 2023 \u2013 <strong>oggetto di questo 2\u00b0 LivingLAB \u00e8 stata l\u2019identificazione e la riflessione comune a partire dalle problematiche del quartiere<\/strong>, con particolare riferimento alla dispersione e all\u2019abbandono scolastico, alla povert\u00e0 educativa, alle scarse prospettive per i giovani del quartiere e alla carenza di servizi ad essi dedicati.<\/p>\n\n\n\n<p><br>\u201cRequisiti della progettazione territoriale sono il riconoscimento reciproco in una comune appartenenza e l\u2019audacia di gettare lo sguardo verso l\u2019ignoto, in quanto chi progetta, in qualsiasi ambito, lo fa perch\u00e9 si confronta con l\u2019insufficienza di ci\u00f2 che \u00e8 dato\u201d \u2013 ha affermato Giovanni Devastato, docente di Servizio Sociale e coordinatore dei LivingLABs.<\/p>\n\n\n\n<div style=\"height:13px\" aria-hidden=\"true\" class=\"wp-block-spacer\"><\/div>\n\n\n\n<p>Seguir\u00e0 a febbraio un terzo incontro, in cui i partecipanti saranno invitati a condividere le proprie aspirazioni per il futuro del quartiere e a identificare risorse ed energie attraverso cui \u201cgettare un ponte tra futuro distopico e futuro utopico immaginando insieme passi concreti verso un mondo auspicabile\u201d.<\/p>\n\n\n\n<div style=\"height:13px\" aria-hidden=\"true\" class=\"wp-block-spacer\"><\/div>\n\n\n\n<figure class=\"wp-block-image aligncenter size-large is-resized\"><img loading=\"lazy\" decoding=\"async\" width=\"1024\" height=\"1024\" src=\"https:\/\/nextcitylab.it\/wp-content\/uploads\/2024\/01\/9-1024x1024.jpg\" alt=\"\" class=\"wp-image-535\" style=\"width:283px;height:auto\" srcset=\"https:\/\/nextcitylab.it\/wp-content\/uploads\/2024\/01\/9-1024x1024.jpg 1024w, https:\/\/nextcitylab.it\/wp-content\/uploads\/2024\/01\/9-300x300.jpg 300w, https:\/\/nextcitylab.it\/wp-content\/uploads\/2024\/01\/9-150x150.jpg 150w, https:\/\/nextcitylab.it\/wp-content\/uploads\/2024\/01\/9-768x768.jpg 768w, https:\/\/nextcitylab.it\/wp-content\/uploads\/2024\/01\/9.jpg 1080w\" sizes=\"auto, (max-width: 1024px) 100vw, 1024px\" \/><\/figure>\n\n\n\n<figure class=\"wp-block-image aligncenter size-large is-resized\"><img loading=\"lazy\" decoding=\"async\" width=\"1024\" height=\"1024\" src=\"https:\/\/nextcitylab.it\/wp-content\/uploads\/2024\/01\/7-1024x1024.jpg\" alt=\"\" class=\"wp-image-534\" style=\"width:285px;height:auto\" srcset=\"https:\/\/nextcitylab.it\/wp-content\/uploads\/2024\/01\/7-1024x1024.jpg 1024w, https:\/\/nextcitylab.it\/wp-content\/uploads\/2024\/01\/7-300x300.jpg 300w, https:\/\/nextcitylab.it\/wp-content\/uploads\/2024\/01\/7-150x150.jpg 150w, https:\/\/nextcitylab.it\/wp-content\/uploads\/2024\/01\/7-768x768.jpg 768w, https:\/\/nextcitylab.it\/wp-content\/uploads\/2024\/01\/7.jpg 1080w\" sizes=\"auto, (max-width: 1024px) 100vw, 1024px\" \/><\/figure>\n\n\n\n<div style=\"height:20px\" aria-hidden=\"true\" class=\"wp-block-spacer\"><\/div>\n\n\n\n<p><strong>Materiali:<\/strong><\/p>\n\n\n\n<div data-wp-interactive=\"core\/file\" class=\"wp-block-file\"><object data-wp-bind--hidden=\"!state.hasPdfPreview\" hidden class=\"wp-block-file__embed\" data=\"https:\/\/nextcitylab.it\/wp-content\/uploads\/2024\/01\/Slides-secondo-livinglab.pdf\" type=\"application\/pdf\" style=\"width:100%;height:200px\" aria-label=\"Incorporamento di Slides-secondo-livinglab.\"><\/object><a id=\"wp-block-file--media-b74eb70c-fc77-443d-98b1-d2f5137016d1\" href=\"https:\/\/nextcitylab.it\/wp-content\/uploads\/2024\/01\/Slides-secondo-livinglab.pdf\">Slides-secondo-livinglab<\/a><a href=\"https:\/\/nextcitylab.it\/wp-content\/uploads\/2024\/01\/Slides-secondo-livinglab.pdf\" class=\"wp-block-file__button wp-element-button\" download aria-describedby=\"wp-block-file--media-b74eb70c-fc77-443d-98b1-d2f5137016d1\">Download<\/a><\/div>\n\n\n\n<p><strong>Locandina:<\/strong><\/p>\n\n\n\n<div class=\"wp-block-file\"><a id=\"wp-block-file--media-c28a0ecf-4d6a-4018-946b-75ef17a858b6\" href=\"https:\/\/nextcitylab.it\/wp-content\/uploads\/2024\/01\/Locandina-2-LL-con-programmazione.png\">Locandina Secondo LivingLAB (26 gennaio)<\/a><a href=\"https:\/\/nextcitylab.it\/wp-content\/uploads\/2024\/01\/Locandina-2-LL-con-programmazione.png\" class=\"wp-block-file__button wp-element-button\" download aria-describedby=\"wp-block-file--media-c28a0ecf-4d6a-4018-946b-75ef17a858b6\">Download<\/a><\/div>\n","protected":false},"excerpt":{"rendered":"<p>Il 2\u00b0 LivingLAB, del progetto NextCityLAB &#8211; Laboratorio partecipato di attivazione civica per una citt\u00e0 inclusiva e sostenibile, promosso dal Dipartimento di Scienze Sociali ed Economiche dell\u2019Universit\u00e0 La Sapienza e da rappresentanti di organizzazioni del Terzo settore, si \u00e8 svolto venerd\u00ec 26 gennaio presso l\u2019Istituto Comprensivo Pirotta al Quarticciolo, Roma. Il laboratorio \u2013 che ha [&hellip;]<\/p>\n","protected":false},"author":1,"featured_media":0,"parent":57,"menu_order":0,"comment_status":"closed","ping_status":"closed","template":"","meta":{"footnotes":""},"class_list":["post-294","page","type-page","status-publish","hentry"],"yoast_head":"<!-- This site is optimized with the Yoast SEO plugin v27.6 - https:\/\/yoast.com\/product\/yoast-seo-wordpress\/ -->\n<title>Secondo Living Lab - Next City Lab \u00e8 un progetto di Terza missione di Sapienza Universit\u00e0 di Roma<\/title>\n<meta name=\"robots\" content=\"index, follow, max-snippet:-1, max-image-preview:large, max-video-preview:-1\" \/>\n<link rel=\"canonical\" href=\"https:\/\/nextcitylab.it\/?page_id=294\" \/>\n<meta property=\"og:locale\" content=\"it_IT\" \/>\n<meta property=\"og:type\" content=\"article\" \/>\n<meta property=\"og:title\" content=\"Secondo Living Lab - Next City Lab \u00e8 un progetto di Terza missione di Sapienza Universit\u00e0 di Roma\" \/>\n<meta property=\"og:description\" content=\"Il 2\u00b0 LivingLAB, del progetto NextCityLAB &#8211; Laboratorio partecipato di attivazione civica per una citt\u00e0 inclusiva e sostenibile, promosso dal Dipartimento di Scienze Sociali ed Economiche dell\u2019Universit\u00e0 La Sapienza e da rappresentanti di organizzazioni del Terzo settore, si \u00e8 svolto venerd\u00ec 26 gennaio presso l\u2019Istituto Comprensivo Pirotta al Quarticciolo, Roma. Il laboratorio \u2013 che ha [&hellip;]\" \/>\n<meta property=\"og:url\" content=\"https:\/\/nextcitylab.it\/?page_id=294\" \/>\n<meta property=\"og:site_name\" content=\"Next City Lab \u00e8 un progetto di Terza missione di Sapienza Universit\u00e0 di Roma\" \/>\n<meta property=\"article:publisher\" content=\"https:\/\/www.facebook.com\/profile.php?id=61554434993419\" \/>\n<meta property=\"article:modified_time\" content=\"2024-02-02T18:49:08+00:00\" \/>\n<meta property=\"og:image\" content=\"https:\/\/nextcitylab.it\/wp-content\/uploads\/2024\/01\/9-1024x1024.jpg\" \/>\n<meta name=\"twitter:card\" content=\"summary_large_image\" \/>\n<meta name=\"twitter:label1\" content=\"Tempo di lettura stimato\" \/>\n\t<meta name=\"twitter:data1\" content=\"1 minuto\" \/>\n<script type=\"application\/ld+json\" class=\"yoast-schema-graph\">{\"@context\":\"https:\\\/\\\/schema.org\",\"@graph\":[{\"@type\":\"WebPage\",\"@id\":\"https:\\\/\\\/nextcitylab.it\\\/?page_id=294\",\"url\":\"https:\\\/\\\/nextcitylab.it\\\/?page_id=294\",\"name\":\"Secondo Living Lab - Next City Lab \u00e8 un progetto di Terza missione di Sapienza Universit\u00e0 di Roma\",\"isPartOf\":{\"@id\":\"https:\\\/\\\/nextcitylab.it\\\/#website\"},\"primaryImageOfPage\":{\"@id\":\"https:\\\/\\\/nextcitylab.it\\\/?page_id=294#primaryimage\"},\"image\":{\"@id\":\"https:\\\/\\\/nextcitylab.it\\\/?page_id=294#primaryimage\"},\"thumbnailUrl\":\"https:\\\/\\\/nextcitylab.it\\\/wp-content\\\/uploads\\\/2024\\\/01\\\/9-1024x1024.jpg\",\"datePublished\":\"2024-01-19T09:43:47+00:00\",\"dateModified\":\"2024-02-02T18:49:08+00:00\",\"breadcrumb\":{\"@id\":\"https:\\\/\\\/nextcitylab.it\\\/?page_id=294#breadcrumb\"},\"inLanguage\":\"it-IT\",\"potentialAction\":[{\"@type\":\"ReadAction\",\"target\":[\"https:\\\/\\\/nextcitylab.it\\\/?page_id=294\"]}]},{\"@type\":\"ImageObject\",\"inLanguage\":\"it-IT\",\"@id\":\"https:\\\/\\\/nextcitylab.it\\\/?page_id=294#primaryimage\",\"url\":\"https:\\\/\\\/nextcitylab.it\\\/wp-content\\\/uploads\\\/2024\\\/01\\\/9.jpg\",\"contentUrl\":\"https:\\\/\\\/nextcitylab.it\\\/wp-content\\\/uploads\\\/2024\\\/01\\\/9.jpg\",\"width\":1080,\"height\":1080},{\"@type\":\"BreadcrumbList\",\"@id\":\"https:\\\/\\\/nextcitylab.it\\\/?page_id=294#breadcrumb\",\"itemListElement\":[{\"@type\":\"ListItem\",\"position\":1,\"name\":\"Home\",\"item\":\"https:\\\/\\\/nextcitylab.it\\\/\"},{\"@type\":\"ListItem\",\"position\":2,\"name\":\"Living Labs\",\"item\":\"https:\\\/\\\/nextcitylab.it\\\/?page_id=57\"},{\"@type\":\"ListItem\",\"position\":3,\"name\":\"Secondo Living Lab\"}]},{\"@type\":\"WebSite\",\"@id\":\"https:\\\/\\\/nextcitylab.it\\\/#website\",\"url\":\"https:\\\/\\\/nextcitylab.it\\\/\",\"name\":\"Next City Lab Sapienza Universit\u00e0 di Roma\",\"description\":\"\",\"publisher\":{\"@id\":\"https:\\\/\\\/nextcitylab.it\\\/#organization\"},\"potentialAction\":[{\"@type\":\"SearchAction\",\"target\":{\"@type\":\"EntryPoint\",\"urlTemplate\":\"https:\\\/\\\/nextcitylab.it\\\/?s={search_term_string}\"},\"query-input\":{\"@type\":\"PropertyValueSpecification\",\"valueRequired\":true,\"valueName\":\"search_term_string\"}}],\"inLanguage\":\"it-IT\"},{\"@type\":\"Organization\",\"@id\":\"https:\\\/\\\/nextcitylab.it\\\/#organization\",\"name\":\"Next City Lab Sapienza Universit\u00e0 di Roma\",\"url\":\"https:\\\/\\\/nextcitylab.it\\\/\",\"logo\":{\"@type\":\"ImageObject\",\"inLanguage\":\"it-IT\",\"@id\":\"https:\\\/\\\/nextcitylab.it\\\/#\\\/schema\\\/logo\\\/image\\\/\",\"url\":\"https:\\\/\\\/nextcitylab.it\\\/wp-content\\\/uploads\\\/2024\\\/01\\\/cropped-IMG_7409.jpg\",\"contentUrl\":\"https:\\\/\\\/nextcitylab.it\\\/wp-content\\\/uploads\\\/2024\\\/01\\\/cropped-IMG_7409.jpg\",\"width\":512,\"height\":512,\"caption\":\"Next City Lab Sapienza Universit\u00e0 di Roma\"},\"image\":{\"@id\":\"https:\\\/\\\/nextcitylab.it\\\/#\\\/schema\\\/logo\\\/image\\\/\"},\"sameAs\":[\"https:\\\/\\\/www.facebook.com\\\/profile.php?id=61554434993419\",\"https:\\\/\\\/www.instagram.com\\\/nextcitylab\\\/\"]}]}<\/script>\n<!-- \/ Yoast SEO plugin. -->","yoast_head_json":{"title":"Secondo Living Lab - Next City Lab \u00e8 un progetto di Terza missione di Sapienza Universit\u00e0 di Roma","robots":{"index":"index","follow":"follow","max-snippet":"max-snippet:-1","max-image-preview":"max-image-preview:large","max-video-preview":"max-video-preview:-1"},"canonical":"https:\/\/nextcitylab.it\/?page_id=294","og_locale":"it_IT","og_type":"article","og_title":"Secondo Living Lab - Next City Lab \u00e8 un progetto di Terza missione di Sapienza Universit\u00e0 di Roma","og_description":"Il 2\u00b0 LivingLAB, del progetto NextCityLAB &#8211; Laboratorio partecipato di attivazione civica per una citt\u00e0 inclusiva e sostenibile, promosso dal Dipartimento di Scienze Sociali ed Economiche dell\u2019Universit\u00e0 La Sapienza e da rappresentanti di organizzazioni del Terzo settore, si \u00e8 svolto venerd\u00ec 26 gennaio presso l\u2019Istituto Comprensivo Pirotta al Quarticciolo, Roma. Il laboratorio \u2013 che ha [&hellip;]","og_url":"https:\/\/nextcitylab.it\/?page_id=294","og_site_name":"Next City Lab \u00e8 un progetto di Terza missione di Sapienza Universit\u00e0 di Roma","article_publisher":"https:\/\/www.facebook.com\/profile.php?id=61554434993419","article_modified_time":"2024-02-02T18:49:08+00:00","og_image":[{"url":"https:\/\/nextcitylab.it\/wp-content\/uploads\/2024\/01\/9-1024x1024.jpg","type":"","width":"","height":""}],"twitter_card":"summary_large_image","twitter_misc":{"Tempo di lettura stimato":"1 minuto"},"schema":{"@context":"https:\/\/schema.org","@graph":[{"@type":"WebPage","@id":"https:\/\/nextcitylab.it\/?page_id=294","url":"https:\/\/nextcitylab.it\/?page_id=294","name":"Secondo Living Lab - Next City Lab \u00e8 un progetto di Terza missione di Sapienza Universit\u00e0 di Roma","isPartOf":{"@id":"https:\/\/nextcitylab.it\/#website"},"primaryImageOfPage":{"@id":"https:\/\/nextcitylab.it\/?page_id=294#primaryimage"},"image":{"@id":"https:\/\/nextcitylab.it\/?page_id=294#primaryimage"},"thumbnailUrl":"https:\/\/nextcitylab.it\/wp-content\/uploads\/2024\/01\/9-1024x1024.jpg","datePublished":"2024-01-19T09:43:47+00:00","dateModified":"2024-02-02T18:49:08+00:00","breadcrumb":{"@id":"https:\/\/nextcitylab.it\/?page_id=294#breadcrumb"},"inLanguage":"it-IT","potentialAction":[{"@type":"ReadAction","target":["https:\/\/nextcitylab.it\/?page_id=294"]}]},{"@type":"ImageObject","inLanguage":"it-IT","@id":"https:\/\/nextcitylab.it\/?page_id=294#primaryimage","url":"https:\/\/nextcitylab.it\/wp-content\/uploads\/2024\/01\/9.jpg","contentUrl":"https:\/\/nextcitylab.it\/wp-content\/uploads\/2024\/01\/9.jpg","width":1080,"height":1080},{"@type":"BreadcrumbList","@id":"https:\/\/nextcitylab.it\/?page_id=294#breadcrumb","itemListElement":[{"@type":"ListItem","position":1,"name":"Home","item":"https:\/\/nextcitylab.it\/"},{"@type":"ListItem","position":2,"name":"Living Labs","item":"https:\/\/nextcitylab.it\/?page_id=57"},{"@type":"ListItem","position":3,"name":"Secondo Living Lab"}]},{"@type":"WebSite","@id":"https:\/\/nextcitylab.it\/#website","url":"https:\/\/nextcitylab.it\/","name":"Next City Lab Sapienza Universit\u00e0 di Roma","description":"","publisher":{"@id":"https:\/\/nextcitylab.it\/#organization"},"potentialAction":[{"@type":"SearchAction","target":{"@type":"EntryPoint","urlTemplate":"https:\/\/nextcitylab.it\/?s={search_term_string}"},"query-input":{"@type":"PropertyValueSpecification","valueRequired":true,"valueName":"search_term_string"}}],"inLanguage":"it-IT"},{"@type":"Organization","@id":"https:\/\/nextcitylab.it\/#organization","name":"Next City Lab Sapienza Universit\u00e0 di Roma","url":"https:\/\/nextcitylab.it\/","logo":{"@type":"ImageObject","inLanguage":"it-IT","@id":"https:\/\/nextcitylab.it\/#\/schema\/logo\/image\/","url":"https:\/\/nextcitylab.it\/wp-content\/uploads\/2024\/01\/cropped-IMG_7409.jpg","contentUrl":"https:\/\/nextcitylab.it\/wp-content\/uploads\/2024\/01\/cropped-IMG_7409.jpg","width":512,"height":512,"caption":"Next City Lab Sapienza Universit\u00e0 di Roma"},"image":{"@id":"https:\/\/nextcitylab.it\/#\/schema\/logo\/image\/"},"sameAs":["https:\/\/www.facebook.com\/profile.php?id=61554434993419","https:\/\/www.instagram.com\/nextcitylab\/"]}]}},"_links":{"self":[{"href":"https:\/\/nextcitylab.it\/index.php?rest_route=\/wp\/v2\/pages\/294","targetHints":{"allow":["GET"]}}],"collection":[{"href":"https:\/\/nextcitylab.it\/index.php?rest_route=\/wp\/v2\/pages"}],"about":[{"href":"https:\/\/nextcitylab.it\/index.php?rest_route=\/wp\/v2\/types\/page"}],"author":[{"embeddable":true,"href":"https:\/\/nextcitylab.it\/index.php?rest_route=\/wp\/v2\/users\/1"}],"replies":[{"embeddable":true,"href":"https:\/\/nextcitylab.it\/index.php?rest_route=%2Fwp%2Fv2%2Fcomments&post=294"}],"version-history":[{"count":12,"href":"https:\/\/nextcitylab.it\/index.php?rest_route=\/wp\/v2\/pages\/294\/revisions"}],"predecessor-version":[{"id":581,"href":"https:\/\/nextcitylab.it\/index.php?rest_route=\/wp\/v2\/pages\/294\/revisions\/581"}],"up":[{"embeddable":true,"href":"https:\/\/nextcitylab.it\/index.php?rest_route=\/wp\/v2\/pages\/57"}],"wp:attachment":[{"href":"https:\/\/nextcitylab.it\/index.php?rest_route=%2Fwp%2Fv2%2Fmedia&parent=294"}],"curies":[{"name":"wp","href":"https:\/\/api.w.org\/{rel}","templated":true}]}}